{"id":7558,"date":"2016-08-24T19:51:52","date_gmt":"2016-08-24T23:51:52","guid":{"rendered":"http:\/\/library.ryerson.ca\/asianheritage\/?page_id=7558"},"modified":"2025-09-26T14:01:11","modified_gmt":"2025-09-26T18:01:11","slug":"pushpa-raj-acharya","status":"publish","type":"page","link":"https:\/\/library.torontomu.ca\/asianheritage\/authors\/pushpa-raj-acharya\/","title":{"rendered":"Pushpa Raj Acharya"},"content":{"rendered":"\n<div class=\"wp-block-columns is-layout-flex wp-container-core-columns-is-layout-9d6595d7 wp-block-columns-is-layout-flex\">\n<div class=\"wp-block-column is-layout-flow wp-block-column-is-layout-flow\" style=\"flex-basis:33.33%\"><\/div>\n\n\n\n<div class=\"wp-block-column is-layout-flow wp-block-column-is-layout-flow\" style=\"flex-basis:66.66%\">\n<p>Pushpa Raj Acharya (Pushparaj Acharya) grew up in Nepal and moved to Canada in 2012. Acharya&#8217;s first collection of poetry was published in Kathmandu by Fine Print in 2006, as <em>\u091b\u093e\u092f\u093e \u0915\u093e\u0932<\/em>, \u00a0<em>Ch\u0101y\u0101 K\u0101la\u00a0<\/em>(or\u00a0<em>Chaya Kal<\/em>),\u00a0\u201cThe Shadow Time. &#8221; This Nepali language work, illustrated by Anup Baral, is out of print. Acharya recently made it <a href=\"https:\/\/utoronto-my.sharepoint.com\/:b:\/g\/personal\/pushpa_acharya_mail_utoronto_ca\/EUPJvb3hR-dBrihlQbWk2NgBT4UDNZUm7b3eAuWhp7PRlA?e=4%3aw7UcF9&amp;at=9\">available to readers as a PDF document<\/a>. Acharya worked as a professional translator and interpreter in Nepal from 2006-2012. His publisher Mawenzi House note that he has written screenplays for films and made documentaries on art, culture, and food. Acharya is also a literary scholar and has taught in universities in Canada and Nepal. He earned a PhD in Comparative Literature and South Asian Studies from the University of Toronto in 2022. His dissertation is entitled <a href=\"http:\/\/hdl.handle.net\/1807\/139021\" data-type=\"link\" data-id=\"http:\/\/hdl.handle.net\/1807\/139021\">The Nation-State of Nepal in Nepali and  Anglophone Novels<\/a>.<\/p>\n<\/div>\n<\/div>\n\n\n\n<div class=\"wp-block-columns is-layout-flex wp-container-core-columns-is-layout-9d6595d7 wp-block-columns-is-layout-flex\">\n<div class=\"wp-block-column is-layout-flow wp-block-column-is-layout-flow\" style=\"flex-basis:33.33%\"><div class=\"wp-block-image\">\n<figure class=\"aligncenter size-full\"><img decoding=\"async\" width=\"200\" height=\"200\" data-src=\"https:\/\/library.torontomu.ca\/asianheritage\/files\/2016\/08\/Dream-Catcher-book-cover.jpg\" alt=\"\" class=\"wp-image-7559 lazyload\" data-srcset=\"https:\/\/library.torontomu.ca\/asianheritage\/files\/2016\/08\/Dream-Catcher-book-cover.jpg 200w, https:\/\/library.torontomu.ca\/asianheritage\/files\/2016\/08\/Dream-Catcher-book-cover-150x150.jpg 150w\" data-sizes=\"(max-width: 200px) 100vw, 200px\" src=\"data:image\/svg+xml;base64,PHN2ZyB3aWR0aD0iMSIgaGVpZ2h0PSIxIiB4bWxucz0iaHR0cDovL3d3dy53My5vcmcvMjAwMC9zdmciPjwvc3ZnPg==\" style=\"--smush-placeholder-width: 200px; --smush-placeholder-aspect-ratio: 200\/200;\" \/><\/figure>\n<\/div><\/div>\n\n\n\n<div class=\"wp-block-column is-layout-flow wp-block-column-is-layout-flow\" style=\"flex-basis:66.66%\">\n<h2 class=\"wp-block-heading\">Poetry<\/h2>\n\n\n\n<h2 class=\"wp-block-heading\">Dream Catcher<\/h2>\n\n\n\n<p>Kathmandu, Nepal: Vajra Publications, 2012.<\/p>\n<\/div>\n<\/div>\n\n\n\n<div class=\"wp-block-columns is-layout-flex wp-container-core-columns-is-layout-9d6595d7 wp-block-columns-is-layout-flex\">\n<div class=\"wp-block-column is-layout-flow wp-block-column-is-layout-flow\" style=\"flex-basis:33.33%\"><div class=\"wp-block-image\">\n<figure class=\"aligncenter size-full\"><img decoding=\"async\" width=\"104\" height=\"135\" data-src=\"https:\/\/library.torontomu.ca\/asianheritage\/files\/2016\/08\/Somnio-book-cover.jpg\" alt=\"\" class=\"wp-image-7561 lazyload\" src=\"data:image\/svg+xml;base64,PHN2ZyB3aWR0aD0iMSIgaGVpZ2h0PSIxIiB4bWxucz0iaHR0cDovL3d3dy53My5vcmcvMjAwMC9zdmciPjwvc3ZnPg==\" style=\"--smush-placeholder-width: 104px; --smush-placeholder-aspect-ratio: 104\/135;\" \/><\/figure>\n<\/div><\/div>\n\n\n\n<div class=\"wp-block-column is-layout-flow wp-block-column-is-layout-flow\" style=\"flex-basis:66.66%\">\n<h2 class=\"wp-block-heading\">Anthology (Poetry and Lithographs)<\/h2>\n\n\n\n<h3 class=\"wp-block-heading\">Somnio: The Way We See It<\/h3>\n\n\n\n<p>Co-creators: Tiffany Adair (lithographer), Sharmila Pokharel (poet), Yukari Meldrum (poet).<br>Edmonton: TIPSY Press, 2015.<\/p>\n\n\n\n<h4 class=\"wp-block-heading\">Publisher&#8217;s Synopsis (From its website)<\/h4>\n\n\n\n<p><em>Somnio: The Way We See It <\/em>is a book about mediation between images and words, words and worlds, visions and cosmos, and identities and locations. It is a collection of art and poetry translated into each other by an artist and three poets. They explore the visions of transformations in nature, in everyday lives, and in mobility from one culture to another. In their works, a profound meditation on ordinary details creates lyrical dreams, which are in turn embedded in the lines and shadows of reality.<\/p>\n<\/div>\n<\/div>\n\n\n\n<div class=\"wp-block-columns is-layout-flex wp-container-core-columns-is-layout-9d6595d7 wp-block-columns-is-layout-flex\">\n<div class=\"wp-block-column is-layout-flow wp-block-column-is-layout-flow\" style=\"flex-basis:33.33%\"><div class=\"wp-block-image\">\n<figure class=\"aligncenter size-full is-resized\"><img decoding=\"async\" width=\"212\" height=\"327\" data-src=\"https:\/\/library.torontomu.ca\/asianheritage\/files\/2025\/09\/Wanderings-book-cover.jpg\" alt=\"\" class=\"wp-image-20762 lazyload\" style=\"--smush-placeholder-width: 212px; --smush-placeholder-aspect-ratio: 212\/327;width:145px;height:auto\" data-srcset=\"https:\/\/library.torontomu.ca\/asianheritage\/files\/2025\/09\/Wanderings-book-cover.jpg 212w, https:\/\/library.torontomu.ca\/asianheritage\/files\/2025\/09\/Wanderings-book-cover-194x300.jpg 194w, https:\/\/library.torontomu.ca\/asianheritage\/files\/2025\/09\/Wanderings-book-cover-97x150.jpg 97w\" data-sizes=\"(max-width: 212px) 100vw, 212px\" src=\"data:image\/svg+xml;base64,PHN2ZyB3aWR0aD0iMSIgaGVpZ2h0PSIxIiB4bWxucz0iaHR0cDovL3d3dy53My5vcmcvMjAwMC9zdmciPjwvc3ZnPg==\" \/><\/figure>\n<\/div><\/div>\n\n\n\n<div class=\"wp-block-column is-layout-flow wp-block-column-is-layout-flow\" style=\"flex-basis:66.66%\">\n<h2 class=\"wp-block-heading\">Anthology (Poetry)<\/h2>\n\n\n\n<h2 class=\"wp-block-heading\">Wanderings: An Anthology of Anglophone Nepali Diaspora Poetry<\/h2>\n\n\n\n<p>Edited by Asma Sayed, Pushparaj Acharya.<br>Toronto: Mawenzi House, 2025.<\/p>\n\n\n\n<p>Contributors include Pushparaj Acharya, Rohan Chhetri, Mukul Dahal, Tsering Wangmo Dhompa, Anuja Ghimire, Saraswoti Lamichhane, Mukahang Limbu, Nabin K Chhetri, Samyak Shertok, and Y B Shakya.<\/p>\n<\/div>\n<\/div>\n\n\n\n<div class=\"wp-block-columns is-layout-flex wp-container-core-columns-is-layout-9d6595d7 wp-block-columns-is-layout-flex\">\n<div class=\"wp-block-column is-layout-flow wp-block-column-is-layout-flow\" style=\"flex-basis:33.33%\"><\/div>\n\n\n\n<div class=\"wp-block-column is-layout-flow wp-block-column-is-layout-flow\" style=\"flex-basis:66.66%\">\n<h2 class=\"wp-block-heading\">Selected Criticism and Interpretation<\/h2>\n\n\n\n<p>Chilana, Rajwant Singh. &#8220;Pushpa Raj Acharya.&#8221; In <em>South Asian Writers in Canada: A Bio-Bibliographical Study<\/em>. Surrey, BC: Asian Publications, 2017, 246.<br><a href=\"https:\/\/torontomu.primo.exlibrisgroup.com\/discovery\/fulldisplay?vid=01OCUL_TMU:01OCUL_TMU&amp;docid=alma991008386229708636\">Z1376 .S68 C45 2017<\/a><\/p>\n<\/div>\n<\/div>\n\n\n\n<div class=\"wp-block-columns is-layout-flex wp-container-core-columns-is-layout-9d6595d7 wp-block-columns-is-layout-flex\">\n<div class=\"wp-block-column is-layout-flow wp-block-column-is-layout-flow\" style=\"flex-basis:33.33%\"><\/div>\n\n\n\n<div class=\"wp-block-column is-layout-flow wp-block-column-is-layout-flow\" style=\"flex-basis:66.66%\">\n<h2 class=\"wp-block-heading\">Links<\/h2>\n\n\n\n<p>Publisher <a href=\"https:\/\/www.mawenzihouse.com\" data-type=\"link\" data-id=\"https:\/\/www.mawenzihouse.com\">Mawenzi House<\/a><\/p>\n<\/div>\n<\/div>\n","protected":false},"excerpt":{"rendered":"<p>Pushpa Raj Acharya (Pushparaj Acharya) grew up in Nepal and moved to Canada in 2012. Acharya&#8217;s first collection of poetry was published in Kathmandu by Fine Print in 2006, as \u091b\u093e\u092f\u093e \u0915\u093e\u0932, \u00a0Ch\u0101y\u0101 K\u0101la\u00a0(or\u00a0Chaya Kal),\u00a0\u201cThe Shadow Time. &#8221; This Nepali &hellip; <a href=\"https:\/\/library.torontomu.ca\/asianheritage\/authors\/pushpa-raj-acharya\/\">Continue reading <span class=\"meta-nav\">&rarr;<\/span><\/a><\/p>\n","protected":false},"author":11,"featured_media":0,"parent":16,"menu_order":0,"comment_status":"closed","ping_status":"closed","template":"","meta":{"_acf_changed":false,"footnotes":""},"class_list":["post-7558","page","type-page","status-publish","hentry"],"acf":[],"_links":{"self":[{"href":"https:\/\/library.torontomu.ca\/asianheritage\/wp-json\/wp\/v2\/pages\/7558","targetHints":{"allow":["GET"]}}],"collection":[{"href":"https:\/\/library.torontomu.ca\/asianheritage\/wp-json\/wp\/v2\/pages"}],"about":[{"href":"https:\/\/library.torontomu.ca\/asianheritage\/wp-json\/wp\/v2\/types\/page"}],"author":[{"embeddable":true,"href":"https:\/\/library.torontomu.ca\/asianheritage\/wp-json\/wp\/v2\/users\/11"}],"replies":[{"embeddable":true,"href":"https:\/\/library.torontomu.ca\/asianheritage\/wp-json\/wp\/v2\/comments?post=7558"}],"version-history":[{"count":9,"href":"https:\/\/library.torontomu.ca\/asianheritage\/wp-json\/wp\/v2\/pages\/7558\/revisions"}],"predecessor-version":[{"id":20767,"href":"https:\/\/library.torontomu.ca\/asianheritage\/wp-json\/wp\/v2\/pages\/7558\/revisions\/20767"}],"up":[{"embeddable":true,"href":"https:\/\/library.torontomu.ca\/asianheritage\/wp-json\/wp\/v2\/pages\/16"}],"wp:attachment":[{"href":"https:\/\/library.torontomu.ca\/asianheritage\/wp-json\/wp\/v2\/media?parent=7558"}],"curies":[{"name":"wp","href":"https:\/\/api.w.org\/{rel}","templated":true}]}}