{"id":469,"date":"2012-06-15T19:34:59","date_gmt":"2012-06-15T19:34:59","guid":{"rendered":"http:\/\/library.ryerson.ca\/asianheritage\/authors\/ho-hiep-lam\/"},"modified":"2024-08-12T12:32:12","modified_gmt":"2024-08-12T16:32:12","slug":"lam_ho","status":"publish","type":"page","link":"https:\/\/library.torontomu.ca\/asianheritage\/authors\/lam_ho\/","title":{"rendered":"Ho Hiep Lam"},"content":{"rendered":"<section class=\"bottomborder\">\n<div class=\"narrow\"><\/div>\n<div class=\"wide\">\n<p>H\u00f4 Hi\u00eap L\u00e2m was born in Saigon and educated there and in Paris in the French language. She was a teacher in Vietnam before moving to Canada in 1980. When she published her first work of poetry, she was working in Toronto as a French teacher.<\/p>\n<\/div>\n<\/section>\n<section class=\"bottomborder\">\n<div class=\"narrow\"><\/div>\n<div class=\"wide\">\n<h3>Poetry<\/h3>\n<h3>Po\u00e8mes d&#8217;un coeur en exil = Poems From a Heart in Exile<\/h3>\n<p>Toronto: TSAR, 1992.<br \/>\n<a href=\"https:\/\/torontomu.primo.exlibrisgroup.com\/discovery\/fulldisplay?vid=01OCUL_TMU:01OCUL_TMU&#038;docid=alma991006603369708636\">PS9573 .A46 P64 1992 <\/a><\/p>\n<p>Poems in French and English on facing pages.<\/p>\n<\/div>\n<\/section>\n<section>\n<div class=\"narrow\"><\/div>\n<div class=\"wide\">\n<h3>Links<\/h3>\n<p>Publisher <a href=\"http:\/\/www.mawenzihouse.com\/\">Mawenzi House<\/a> (formerly TSAR)<\/p>\n<p>Review of <em><span class=\"bold\">Poems From a Heart in Exile<\/span><\/em> by Rita Donovan in <a href=\"http:\/\/www.booksincanada.com\/article_view.asp?id=1638\">Books in Canada<\/a> (May 1993).<\/p>\n<\/div>\n<\/section>\n","protected":false},"excerpt":{"rendered":"<p>H\u00f4 Hi\u00eap L\u00e2m was born in Saigon and educated there and in Paris in the French language. She was a teacher in Vietnam before moving to Canada in 1980. When she published her first work of poetry, she was working &hellip; <a href=\"https:\/\/library.torontomu.ca\/asianheritage\/authors\/lam_ho\/\">Continue reading <span class=\"meta-nav\">&rarr;<\/span><\/a><\/p>\n","protected":false},"author":3,"featured_media":0,"parent":16,"menu_order":0,"comment_status":"closed","ping_status":"closed","template":"","meta":{"_acf_changed":false,"footnotes":""},"class_list":["post-469","page","type-page","status-publish","hentry"],"acf":[],"_links":{"self":[{"href":"https:\/\/library.torontomu.ca\/asianheritage\/wp-json\/wp\/v2\/pages\/469","targetHints":{"allow":["GET"]}}],"collection":[{"href":"https:\/\/library.torontomu.ca\/asianheritage\/wp-json\/wp\/v2\/pages"}],"about":[{"href":"https:\/\/library.torontomu.ca\/asianheritage\/wp-json\/wp\/v2\/types\/page"}],"author":[{"embeddable":true,"href":"https:\/\/library.torontomu.ca\/asianheritage\/wp-json\/wp\/v2\/users\/3"}],"replies":[{"embeddable":true,"href":"https:\/\/library.torontomu.ca\/asianheritage\/wp-json\/wp\/v2\/comments?post=469"}],"version-history":[{"count":8,"href":"https:\/\/library.torontomu.ca\/asianheritage\/wp-json\/wp\/v2\/pages\/469\/revisions"}],"predecessor-version":[{"id":18712,"href":"https:\/\/library.torontomu.ca\/asianheritage\/wp-json\/wp\/v2\/pages\/469\/revisions\/18712"}],"up":[{"embeddable":true,"href":"https:\/\/library.torontomu.ca\/asianheritage\/wp-json\/wp\/v2\/pages\/16"}],"wp:attachment":[{"href":"https:\/\/library.torontomu.ca\/asianheritage\/wp-json\/wp\/v2\/media?parent=469"}],"curies":[{"name":"wp","href":"https:\/\/api.w.org\/{rel}","templated":true}]}}