{"id":431,"date":"2012-06-15T19:34:56","date_gmt":"2012-06-15T19:34:56","guid":{"rendered":"http:\/\/library.ryerson.ca\/asianheritage\/authors\/rawi-hage\/"},"modified":"2025-12-28T14:36:04","modified_gmt":"2025-12-28T19:36:04","slug":"hage","status":"publish","type":"page","link":"https:\/\/library.torontomu.ca\/asianheritage\/authors\/hage\/","title":{"rendered":"Rawi Hage"},"content":{"rendered":"\n<div class=\"wp-block-columns is-layout-flex wp-container-core-columns-is-layout-9d6595d7 wp-block-columns-is-layout-flex\">\n<div class=\"wp-block-column is-layout-flow wp-block-column-is-layout-flow\" style=\"flex-basis:33.33%\"><\/div>\n\n\n\n<div class=\"wp-block-column is-layout-flow wp-block-column-is-layout-flow\" style=\"flex-basis:66.66%\">\n<p>Rawi Hage was born in Beirut, Lebanon to an Arabic-speaking Christian family who were exiled to Cyprus during the the civil war in Lebanon. He lived in New York for nine years before immigrating to Canada in 1991 or 1992 and settling in Montreal. Hage earned an arts diploma from Dawson College and a B.A. in visual communication from Concordia University. He is an accomplished photographer as well as a writer. His work was included in the Canadian Museum of Civilization&#8217;s exhibition <a href=\"https:\/\/www.historymuseum.ca\/cmc\/exhibitions\/cultur\/cespays\/payinte.html\">The Lands Within Me: Expressions By Canadian Artists of Arab Origin<\/a> from October 2001-March 2003.<br>Hage was awarded the Engel Findley award for a writer in mid-career at the Writers&#8217; Trust Awards held in Toronto in November 2019.<\/p>\n<\/div>\n<\/div>\n\n\n\n<div class=\"wp-block-columns is-layout-flex wp-container-core-columns-is-layout-9d6595d7 wp-block-columns-is-layout-flex\">\n<div class=\"wp-block-column is-layout-flow wp-block-column-is-layout-flow\" style=\"flex-basis:33.33%\"><div class=\"wp-block-image\">\n<figure class=\"aligncenter size-full\"><img decoding=\"async\" width=\"218\" height=\"218\" data-src=\"https:\/\/library.torontomu.ca\/asianheritage\/files\/2018\/07\/Beirut-Hellfire-Society-book-cover.jpg\" alt=\"\" class=\"wp-image-9320 lazyload\" data-srcset=\"https:\/\/library.torontomu.ca\/asianheritage\/files\/2018\/07\/Beirut-Hellfire-Society-book-cover.jpg 218w, https:\/\/library.torontomu.ca\/asianheritage\/files\/2018\/07\/Beirut-Hellfire-Society-book-cover-150x150.jpg 150w\" data-sizes=\"(max-width: 218px) 100vw, 218px\" src=\"data:image\/svg+xml;base64,PHN2ZyB3aWR0aD0iMSIgaGVpZ2h0PSIxIiB4bWxucz0iaHR0cDovL3d3dy53My5vcmcvMjAwMC9zdmciPjwvc3ZnPg==\" style=\"--smush-placeholder-width: 218px; --smush-placeholder-aspect-ratio: 218\/218;\" \/><\/figure>\n<\/div><\/div>\n\n\n\n<div class=\"wp-block-column is-layout-flow wp-block-column-is-layout-flow\" style=\"flex-basis:66.66%\">\n<h2 class=\"wp-block-heading\">Fiction<\/h2>\n\n\n\n<h2 class=\"wp-block-heading\">Beirut Hellfire Society<\/h2>\n\n\n\n<p>Toronto: Knopf Canada, 2018.<br><a href=\"https:\/\/torontomu.primo.exlibrisgroup.com\/discovery\/fulldisplay?vid=01OCUL_TMU:01OCUL_TMU&amp;docid=alma991000358459708636\">PS8615 .A355 B45 2018<\/a><\/p>\n\n\n\n<h4 class=\"wp-block-heading\">Publisher&#8217;s Synopsis (From its website)<\/h4>\n\n\n\n<p><em>Beirut Hellfire Society<\/em>&nbsp;follows Pavlov, the twenty-something son of an undertaker, who, after his father&#8217;s death, is approached by a member of the mysterious Hellfire Society&#8211;an anti-religious sect that, among their many rebellious and often salacious activities, arrange secret burial for those who have been denied it because the deceased was homosexual, atheist, or otherwise outcast and abandoned by their family, church, and state. Pavlov agrees to take up his father&#8217;s work for the Society, and over the course of the novel acts as survivor-chronicler of his torn and fading community, bearing witness to both its enduring rituals and its inevitable decline.<\/p>\n\n\n\n<p>Combining comedy and tragedy,&nbsp;<em>Beirut Hellfire Society<\/em>&nbsp;is a brilliant, urgent meditation on what it is to live through war. It asks what, if anything, can be accomplished or preserved in the face of certain change and certain death. In short, this is a spectacular and timely new work from one of our major writers, and a mature, exhilarating return to some of the themes the author began to explore in his transcendent first novel,&nbsp;<em>De Niro&#8217;s Game<\/em>.<\/p>\n\n\n\n<h4 class=\"wp-block-heading\">Awards and Honours<\/h4>\n\n\n\n<p>2018 <a href=\"https:\/\/qwf.org\/prize\/the-paragraphe-hugh-maclennan-prize-for-fiction\/\" data-type=\"link\" data-id=\"https:\/\/qwf.org\/prize\/the-paragraphe-hugh-maclennan-prize-for-fiction\/\">Paragraphe Hugh MacLennan Literary Award for Fiction <\/a>(Quebec Writers&#8217; Federation)(Finalist)<br>2018 <a href=\"https:\/\/www.writerstrust.com\/awards\/rogers-writers-trust-fiction-prize\">Rogers Writers&#8217; Trust Fiction Prize<\/a> (Finalist)<br>2018 <a href=\"https:\/\/scotiabankgillerprize.ca\">Scotiabank Giller Prize<\/a> (Longlist)<br>2018 <a href=\"https:\/\/ggbooks.ca\/\">Governor General&#8217;s Literary Award, English Fiction<\/a> (Finalist)<br>2018 The Globe 100 (<em>Globe and Mail<\/em>, 1 Dec. 2018)<\/p>\n<\/div>\n<\/div>\n\n\n\n<div class=\"wp-block-columns is-layout-flex wp-container-core-columns-is-layout-9d6595d7 wp-block-columns-is-layout-flex\">\n<div class=\"wp-block-column is-layout-flow wp-block-column-is-layout-flow\" style=\"flex-basis:33.33%\"><div class=\"wp-block-image\">\n<figure class=\"aligncenter size-full\"><img decoding=\"async\" width=\"115\" height=\"115\" data-src=\"https:\/\/library.torontomu.ca\/asianheritage\/files\/2012\/06\/carnival.jpg\" alt=\"Book cover of Carnival\" class=\"wp-image-2081 lazyload\" src=\"data:image\/svg+xml;base64,PHN2ZyB3aWR0aD0iMSIgaGVpZ2h0PSIxIiB4bWxucz0iaHR0cDovL3d3dy53My5vcmcvMjAwMC9zdmciPjwvc3ZnPg==\" style=\"--smush-placeholder-width: 115px; --smush-placeholder-aspect-ratio: 115\/115;\" \/><\/figure>\n<\/div><\/div>\n\n\n\n<div class=\"wp-block-column is-layout-flow wp-block-column-is-layout-flow\" style=\"flex-basis:66.66%\">\n<h2 class=\"wp-block-heading\">Fiction<\/h2>\n\n\n\n<h2 class=\"wp-block-heading\">Carnival<\/h2>\n\n\n\n<p>Toronto: House of Anansi Press, 2012.<br><a href=\"https:\/\/torontomu.primo.exlibrisgroup.com\/discovery\/fulldisplay?vid=01OCUL_TMU:01OCUL_TMU&amp;docid=alma991006809999708636\">PS8615 .A355 C37 2012<\/a><\/p>\n\n\n\n<h4 class=\"wp-block-heading\">Publisher&#8217;s Synopsis (From its website)<\/h4>\n\n\n\n<p>Fly is a wanderer and a knower. Raised in the circus, the son of a golden-haired trapeze artist and a flying carpet pilot from the East, he is destined to drift and observe. From his taxi we see the world in all its carnivalesque beauty and ugliness. We meet criminals, prostitutes, madmen, magicians, and clowns of many kinds. We meet ordinary people going to extraordinary places, and revolutionaries trying to live ordinary lives. Hunger and injustice claw at the city, and books provide the only true shelter. And when the Carnival starts, all limits dissolve, and a gunshot goes off\u2026<\/p>\n\n\n\n<h4 class=\"wp-block-heading\">Awards and Honours<\/h4>\n\n\n\n<p>2012 <a href=\"https:\/\/qwf.org\/prize\/the-paragraphe-hugh-maclennan-prize-for-fiction\/\" data-type=\"link\" data-id=\"https:\/\/qwf.org\/prize\/the-paragraphe-hugh-maclennan-prize-for-fiction\/\">Paragraphe Hugh MacLennan Literary Award for Fiction <\/a>(Quebec Writers&#8217; Federation)(Winner)<br>2012 <a href=\"http:\/\/www.writerstrust.com\/\">Rogers Writers&#8217; Trust Fiction Prize<\/a> (Finalist)<\/p>\n<\/div>\n<\/div>\n\n\n\n<div class=\"wp-block-columns is-layout-flex wp-container-core-columns-is-layout-9d6595d7 wp-block-columns-is-layout-flex\">\n<div class=\"wp-block-column is-layout-flow wp-block-column-is-layout-flow\" style=\"flex-basis:33.33%\"><div class=\"wp-block-image\">\n<figure class=\"aligncenter size-full\"><img decoding=\"async\" width=\"115\" height=\"115\" data-src=\"https:\/\/library.torontomu.ca\/asianheritage\/files\/2012\/06\/cockroach.jpg\" alt=\"&quot;&quot;\" class=\"wp-image-772 lazyload\" src=\"data:image\/svg+xml;base64,PHN2ZyB3aWR0aD0iMSIgaGVpZ2h0PSIxIiB4bWxucz0iaHR0cDovL3d3dy53My5vcmcvMjAwMC9zdmciPjwvc3ZnPg==\" style=\"--smush-placeholder-width: 115px; --smush-placeholder-aspect-ratio: 115\/115;\" \/><\/figure>\n<\/div><\/div>\n\n\n\n<div class=\"wp-block-column is-layout-flow wp-block-column-is-layout-flow\" style=\"flex-basis:66.66%\">\n<h2 class=\"wp-block-heading\">Fiction<\/h2>\n\n\n\n<h2 class=\"wp-block-heading\">Cockroach<\/h2>\n\n\n\n<p>Toronto: House of Anansi Press, 2008.<br><a href=\"https:\/\/torontomu.primo.exlibrisgroup.com\/discovery\/fulldisplay?vid=01OCUL_TMU:01OCUL_TMU&amp;docid=alma991007231239708636\">PS8615 .A355 C62 2008<\/a><\/p>\n\n\n\n<h4 class=\"wp-block-heading\">Publisher&#8217;s Synopsis (From its website)<\/h4>\n\n\n\n<p>The novel takes place during one month of a bitterly cold winter in Montreal&#8217;s restless immigrant community, where a self-described &#8220;thief&#8221; has just tried but failed to commit suicide by hanging himself from a tree in a local park. Rescued against his will, the narrator is obliged to attend sessions with a well-intentioned but na\u00efve therapist. This sets the story in motion, leading us back to the narrator&#8217;s violent childhood in a war-torn country, forward into his current life in the smoky \u00e9migr\u00e9 caf\u00e9s where everyone has a tale, and out into the frozen night-time streets of Montreal, where the thief survives on the edge, imagining himself to be a cockroach invading the lives of the privileged, but willfully blind, citizens who surround him.<\/p>\n\n\n\n<h4 class=\"wp-block-heading\">Awards and Honours<\/h4>\n\n\n\n<p>2008 Governor General&#8217;s Literary Awards&#8211;Fiction (English) (Finalist)<br>2008 <a href=\"http:\/\/www.qwf.org\/awards\/\">Paragraphe Hugh MacLennan Prize for Fiction<\/a> (Quebec Writers&#8217; Federation) (Winner)<br>2008 <a href=\"http:\/\/www.writerstrust.com\/Awards.aspx\">Roger&#8217;s Writers&#8217; Trust Fiction Prize<\/a> (Nominated)<br>2008 <a href=\"http:\/\/www.scotiabankgillerprize.ca\/\">Giller Prize<\/a> (Finalist)<\/p>\n<\/div>\n<\/div>\n\n\n\n<div class=\"wp-block-columns is-layout-flex wp-container-core-columns-is-layout-9d6595d7 wp-block-columns-is-layout-flex\">\n<div class=\"wp-block-column is-layout-flow wp-block-column-is-layout-flow\" style=\"flex-basis:33.33%\"><div class=\"wp-block-image\">\n<figure class=\"aligncenter size-full\"><img decoding=\"async\" width=\"90\" height=\"144\" data-src=\"https:\/\/library.torontomu.ca\/asianheritage\/files\/2012\/06\/De_Niros.jpg\" alt=\"&quot;&quot;\" class=\"wp-image-774 lazyload\" src=\"data:image\/svg+xml;base64,PHN2ZyB3aWR0aD0iMSIgaGVpZ2h0PSIxIiB4bWxucz0iaHR0cDovL3d3dy53My5vcmcvMjAwMC9zdmciPjwvc3ZnPg==\" style=\"--smush-placeholder-width: 90px; --smush-placeholder-aspect-ratio: 90\/144;\" \/><\/figure>\n<\/div><\/div>\n\n\n\n<div class=\"wp-block-column is-layout-flow wp-block-column-is-layout-flow\" style=\"flex-basis:66.66%\">\n<h2 class=\"wp-block-heading\">Fiction<\/h2>\n\n\n\n<h2 class=\"wp-block-heading\">De Niro&#8217;s Game<\/h2>\n\n\n\n<p>Toronto: House of Anansi Press, 2006.<br><a href=\"https:\/\/torontomu.primo.exlibrisgroup.com\/discovery\/fulldisplay?vid=01OCUL_TMU:01OCUL_TMU&amp;docid=alma991003329099708636\">PS8615 .A355 D45 2006<\/a><\/p>\n\n\n\n<h4 class=\"wp-block-heading\">Publisher&#8217;s Synopsis (From its website)<\/h4>\n\n\n\n<p>&#8230; Bassam and George are childhood best friends who have grown to adulthood in wartorn Beirut. Now they must choose their futures: to stay in the city and consolidate power through crime; or to to into exile abroad, alienated from the only existence they have known. Bassam chooses one path: Obsessed with leaving Beirut, he embarks on a series of petty crimes to finance his departure. Meanwhile, George builds his power in the underworld of the city and embraces a life of military service, crime for profit, killing, and drugs.<\/p>\n\n\n\n<h4 class=\"wp-block-heading\">Awards and Honours<\/h4>\n\n\n\n<p>2006 Governor General&#8217;s Literary Award&#8211;Fiction (English) (Finalist)<br>2006 <a href=\"http:\/\/www.qwf.org\/awards\/\">Paragraphe Hugh MacLennan Prize for Fiction<\/a> (Winner)<br>2006 <a href=\"http:\/\/www.qwf.org\/awards\/\">McAuslan First Book Prize<\/a> (Winner)<br>2006 <a href=\"http:\/\/www.scotiabankgillerprize.ca\/\">Giller Prize<\/a> (Finalist)<br>2008 <a href=\"http:\/\/www.impacdublinaward.ie\/\">International IMPAC Dublin Literary Award<\/a> (Winner)<br>2008 Prix des libraires du Qu\u00e9bec&#8211;Laur\u00e9ats Roman qu\u00e9b\u00e9cois (Finalist, for French translation: Parfum de poussi\u00e8re)<\/p>\n<\/div>\n<\/div>\n\n\n\n<div class=\"wp-block-columns is-layout-flex wp-container-core-columns-is-layout-9d6595d7 wp-block-columns-is-layout-flex\">\n<div class=\"wp-block-column is-layout-flow wp-block-column-is-layout-flow\" style=\"flex-basis:33.33%\"><div class=\"wp-block-image\">\n<figure class=\"aligncenter size-full\"><img decoding=\"async\" width=\"146\" height=\"218\" data-src=\"https:\/\/library.torontomu.ca\/asianheritage\/files\/2021\/12\/Stray-Dogs-book-cover.jpg\" alt=\"\" class=\"wp-image-14611 lazyload\" data-srcset=\"https:\/\/library.torontomu.ca\/asianheritage\/files\/2021\/12\/Stray-Dogs-book-cover.jpg 146w, https:\/\/library.torontomu.ca\/asianheritage\/files\/2021\/12\/Stray-Dogs-book-cover-100x150.jpg 100w\" data-sizes=\"(max-width: 146px) 100vw, 146px\" src=\"data:image\/svg+xml;base64,PHN2ZyB3aWR0aD0iMSIgaGVpZ2h0PSIxIiB4bWxucz0iaHR0cDovL3d3dy53My5vcmcvMjAwMC9zdmciPjwvc3ZnPg==\" style=\"--smush-placeholder-width: 146px; --smush-placeholder-aspect-ratio: 146\/218;\" \/><\/figure>\n<\/div><\/div>\n\n\n\n<div class=\"wp-block-column is-layout-flow wp-block-column-is-layout-flow\" style=\"flex-basis:66.66%\">\n<h2 class=\"wp-block-heading\">Fiction (Short stories)<\/h2>\n\n\n\n<h2 class=\"wp-block-heading\">Stray Dogs: And Other Stories<\/h2>\n\n\n\n<p>Toronto: Knopf Canada, 2022.<br><a href=\"https:\/\/torontomu.primo.exlibrisgroup.com\/discovery\/fulldisplay?vid=01OCUL_TMU:01OCUL_TMU&amp;docid=alma991009878569708636\">PS8615.A355 S77 2022<\/a><\/p>\n\n\n\n<h4 class=\"wp-block-heading\">Publisher&#8217;s Synopsis (From its website)<\/h4>\n\n\n\n<p>In Montreal, a photographer\u2019s unexpected encounter with actress Sophia Loren leads to a life-altering revelation about his dead mother. In Beirut, a disillusioned geologist eagerly awaits the destruction that will come with an impending tsunami. In Tokyo, a Jordanian academic delivering a lecture at a conference receives haunting news from the Persian Gulf. And in Berlin, a Lebanese writer forms a fragile, fateful bond with his voluble German neighbours.<\/p>\n\n\n\n<p>The irresistible characters in <em>Stray Dogs<\/em> lead radically different lives, but all are restless travelers, moving between states\u2014nation-states and states of mind\u2014seeking connection, escaping the past and delicate threads of truth, only to experience the sometimes shocking, sometimes amusing and often random ways our fragile modern identities are constructed, destroyed, and reborn. Politically astute, philosophically wise, humane, relevant and caustically funny, these stories reveal the singular vision of award-winning writer Rawi Hage at his best.<\/p>\n\n\n\n<h4 class=\"wp-block-heading\">Awards and Honours<\/h4>\n\n\n\n<p>2022 <a href=\"https:\/\/qwf.org\/prize\/the-paragraphe-hugh-maclennan-prize-for-fiction\/\" data-type=\"link\" data-id=\"https:\/\/qwf.org\/prize\/the-paragraphe-hugh-maclennan-prize-for-fiction\/\">Paragraphe Hugh MacLennan Literary Award for Fiction <\/a>(Quebec Writers&#8217; Federation)(Finalist)<br>2022 <a href=\"https:\/\/scotiabankgillerprize.ca\/about\/\">Scotiabank Giller Prize<\/a> (Finalist)<br>2023&nbsp;<a href=\"https:\/\/writersunion.ca\/Winners-Announced-for-the-26th-Danuta-Gleed-Literary-Award\">Danuta Gleed Literary Award<\/a>&nbsp;(Finalist)<\/p>\n<\/div>\n<\/div>\n\n\n\n<div class=\"wp-block-columns is-layout-flex wp-container-core-columns-is-layout-9d6595d7 wp-block-columns-is-layout-flex\">\n<div class=\"wp-block-column is-layout-flow wp-block-column-is-layout-flow\" style=\"flex-basis:33.33%\"><div class=\"wp-block-image\">\n<figure class=\"aligncenter size-full\"><img decoding=\"async\" width=\"62\" height=\"100\" data-src=\"https:\/\/library.torontomu.ca\/asianheritage\/files\/2012\/06\/finding-the-words.jpg\" alt=\"Book cover of Finding the Words\" class=\"wp-image-2345 lazyload\" src=\"data:image\/svg+xml;base64,PHN2ZyB3aWR0aD0iMSIgaGVpZ2h0PSIxIiB4bWxucz0iaHR0cDovL3d3dy53My5vcmcvMjAwMC9zdmciPjwvc3ZnPg==\" style=\"--smush-placeholder-width: 62px; --smush-placeholder-aspect-ratio: 62\/100;\" \/><\/figure>\n<\/div><\/div>\n\n\n\n<div class=\"wp-block-column is-layout-flow wp-block-column-is-layout-flow\" style=\"flex-basis:66.66%\">\n<h2 class=\"wp-block-heading\">Anthology (Non-fiction)<\/h2>\n\n\n\n<h2 class=\"wp-block-heading\">Finding the Words: Writers on Inspiration, Desire, War, Celebrity, Exile, and Breaking the Rules<\/h2>\n\n\n\n<p><a href=\"https:\/\/torontomu.primo.exlibrisgroup.com\/discovery\/fulldisplay?vid=01OCUL_TMU:01OCUL_TMU&amp;docid=alma991003024319708636\">PS8373.1 .FR56 2011<\/a>.<\/p>\n\n\n\n<p>Hage, Rawi. &#8220;On the Weight of Separation and the Lightness of the Non-belonging.&#8221; In <em>Finding the Words: Writers on Inspiration, Desire, War, Celebrity, Exile, and Breaking the Rules<\/em>, edited by Jared Bland. Toronto: Emblem, 2011, 227-235.<\/p>\n<\/div>\n<\/div>\n\n\n\n<div class=\"wp-block-columns is-layout-flex wp-container-core-columns-is-layout-9d6595d7 wp-block-columns-is-layout-flex\">\n<div class=\"wp-block-column is-layout-flow wp-block-column-is-layout-flow\" style=\"flex-basis:33.33%\"><div class=\"wp-block-image\">\n<figure class=\"aligncenter size-full\"><img decoding=\"async\" width=\"200\" height=\"200\" data-src=\"https:\/\/library.torontomu.ca\/asianheritage\/files\/2012\/06\/Tok-Book-4-book-cover.jpg\" alt=\"\" class=\"wp-image-7576 lazyload\" data-srcset=\"https:\/\/library.torontomu.ca\/asianheritage\/files\/2012\/06\/Tok-Book-4-book-cover.jpg 200w, https:\/\/library.torontomu.ca\/asianheritage\/files\/2012\/06\/Tok-Book-4-book-cover-150x150.jpg 150w\" data-sizes=\"(max-width: 200px) 100vw, 200px\" src=\"data:image\/svg+xml;base64,PHN2ZyB3aWR0aD0iMSIgaGVpZ2h0PSIxIiB4bWxucz0iaHR0cDovL3d3dy53My5vcmcvMjAwMC9zdmciPjwvc3ZnPg==\" style=\"--smush-placeholder-width: 200px; --smush-placeholder-aspect-ratio: 200\/200;\" \/><\/figure>\n<\/div><\/div>\n\n\n\n<div class=\"wp-block-column is-layout-flow wp-block-column-is-layout-flow\" style=\"flex-basis:66.66%\">\n<h2 class=\"wp-block-heading\">Anthology (Short story)<\/h2>\n\n\n\n<h2 class=\"wp-block-heading\">Tok. Book 4<\/h2>\n\n\n\n<p><a href=\"https:\/\/torontomu.primo.exlibrisgroup.com\/discovery\/fulldisplay?vid=01OCUL_TMU:01OCUL_TMU&amp;docid=alma991010457599708636\">PS8237 .T6 T54 2009<\/a><\/p>\n\n\n\n<p>Hage, Rawi. &#8220;Cough and Brume.&#8221; In <em>Tok. Book 4<\/em>, edited by Helen Walsh. Toronto: Zephyr Press, 2009, 31-40.<\/p>\n<\/div>\n<\/div>\n\n\n\n<div class=\"wp-block-columns is-layout-flex wp-container-core-columns-is-layout-9d6595d7 wp-block-columns-is-layout-flex\">\n<div class=\"wp-block-column is-layout-flow wp-block-column-is-layout-flow\" style=\"flex-basis:33.33%\"><div class=\"wp-block-image\">\n<figure class=\"aligncenter size-full\"><img decoding=\"async\" width=\"160\" height=\"160\" data-src=\"https:\/\/library.torontomu.ca\/asianheritage\/files\/2012\/06\/Closer-to-Home-book-cover.jpg\" alt=\"\" class=\"wp-image-7273 lazyload\" data-srcset=\"https:\/\/library.torontomu.ca\/asianheritage\/files\/2012\/06\/Closer-to-Home-book-cover.jpg 160w, https:\/\/library.torontomu.ca\/asianheritage\/files\/2012\/06\/Closer-to-Home-book-cover-150x150.jpg 150w\" data-sizes=\"(max-width: 160px) 100vw, 160px\" src=\"data:image\/svg+xml;base64,PHN2ZyB3aWR0aD0iMSIgaGVpZ2h0PSIxIiB4bWxucz0iaHR0cDovL3d3dy53My5vcmcvMjAwMC9zdmciPjwvc3ZnPg==\" style=\"--smush-placeholder-width: 160px; --smush-placeholder-aspect-ratio: 160\/160;\" \/><\/figure>\n<\/div><\/div>\n\n\n\n<div class=\"wp-block-column is-layout-flow wp-block-column-is-layout-flow\" style=\"flex-basis:66.66%\">\n<h2 class=\"wp-block-heading\">Anthology<\/h2>\n\n\n\n<h2 class=\"wp-block-heading\">Closer to Home: The Author and the Author Portrait<\/h2>\n\n\n\n<p><a href=\"https:\/\/torontomu.primo.exlibrisgroup.com\/discovery\/fulldisplay?vid=01OCUL_TMU:01OCUL_TMU&amp;docid=alma991009805659708636\">TR681 .A85 B97 2008<\/a><\/p>\n\n\n\n<p>Byrnes, Terence. &#8220;Rawi Hage on the Roof.&#8221; In Byrnes, Terence. <em>Closer to Home: The Author and the Author Portrait<\/em>. Montr\u00e9al: V\u00e9hicule Press, 2008, 94-95.<\/p>\n<\/div>\n<\/div>\n\n\n\n<div class=\"wp-block-columns is-layout-flex wp-container-core-columns-is-layout-9d6595d7 wp-block-columns-is-layout-flex\">\n<div class=\"wp-block-column is-layout-flow wp-block-column-is-layout-flow\" style=\"flex-basis:33.33%\"><\/div>\n\n\n\n<div class=\"wp-block-column is-layout-flow wp-block-column-is-layout-flow\" style=\"flex-basis:66.66%\">\n<h2 class=\"wp-block-heading\">Selected Criticism and Interpretation<\/h2>\n\n\n\n<p>Bayeh, Jumana. &#8220;Undermining the Christian City in Rawi Hage&#8217;s <em>De Niro&#8217;s Game<\/em>.&#8221; In her <em>The Literature of the Lebanese Diaspora: Representations of Place and National Identity<\/em>. London: I.B. Tauris, 2015.<br><a href=\"https:\/\/torontomu.primo.exlibrisgroup.com\/discovery\/fulldisplay?vid=01OCUL_TMU:01OCUL_TMU&amp;docid=alma991000357239708636\">Electronic Book<\/a> (Access restricted to members of the TMU community)<\/p>\n\n\n\n<p><em>Beirut to Carnival: Reading Rawi Hage<\/em>. Edited by Krzysztof Majer. Netherlands: Brill Rodopi, 2019.<br>forthcoming<\/p>\n\n\n\n<p>Dahab, F. Elizabeth. &#8220;The Arab Canadian Novel and the Rise of Rawi Hage.&#8221; In <em>Edinburgh Companion to the Arab Novel in English: The Politics of Anglo Arab and Arab American Literature and Culture<\/em>, edited by Nouri Gana,&nbsp;University of Edinburgh Press, 2013.<br><a href=\"https:\/\/torontomu.primo.exlibrisgroup.com\/discovery\/fulldisplay?vid=01OCUL_TMU:01OCUL_TMU&amp;docid=alma991000330259708636\">PR138 .E35 2015<\/a><\/p>\n\n\n\n<p>Halabi, Zeina. <em>The Unmaking of the Arab Intellectual: Prophecy, Exile and the Nation<\/em>. Edinburgh: University of Edinburgh Press, 2018, c2017.<br><a href=\"https:\/\/torontomu.primo.exlibrisgroup.com\/discovery\/fulldisplay?vid=01OCUL_TMU:01OCUL_TMU&amp;docid=alma991000328259708636\">PJ7517 .H33 2017<\/a><\/p>\n\n\n\n<p>Hout, Syrine Chafic. <em>Post-war Anglophone Lebanese Fiction: Home Matters in the Diaspora<\/em>. Edinburgh: Edinburgh University Press, 2012. This book includes discussions of <em>De Niro&#8217;s Game<\/em>, and, <em>Cockroach<\/em>.<br><a href=\"https:\/\/torontomu.primo.exlibrisgroup.com\/discovery\/fulldisplay?vid=01OCUL_TMU:01OCUL_TMU&amp;docid=alma991010217489708636\">Electronic Book<\/a> (Access restricted to members of the TMU community)<\/p>\n\n\n\n<p>Osborne, Marilyn Huebener. \u201cThe Changing Isolation of the Outsider: A Time-based Analysis of Four Canadian Immigrant Writers .\u201d M.A. thesis, University of Ottawa, 2013. Accessed August 30, 2013.<br>Available as an open access thesis from <a href=\"http:\/\/hdl.handle.net\/10393\/24062\">http:\/\/hdl.handle.net\/10393\/24062<\/a><\/p>\n<\/div>\n<\/div>\n\n\n\n<div class=\"wp-block-columns is-layout-flex wp-container-core-columns-is-layout-9d6595d7 wp-block-columns-is-layout-flex\">\n<div class=\"wp-block-column is-layout-flow wp-block-column-is-layout-flow\" style=\"flex-basis:33.33%\"><\/div>\n\n\n\n<div class=\"wp-block-column is-layout-flow wp-block-column-is-layout-flow\" style=\"flex-basis:66.66%\">\n<h2 class=\"wp-block-heading\">Links and Other Resources<\/h2>\n\n\n\n<p>Publisher <a href=\"http:\/\/www.anansi.ca\">House of Anansi Press<\/a><\/p>\n\n\n\n<p>Publisher <a href=\"https:\/\/penguinrandomhouse.ca\">Penguin Random House Canada<\/a>, owner of the Knopf Canada imprint<\/p>\n\n\n\n<p>Kaouk, A\u00efda, ed. <em>The Lands Within Me: Expressions by Canadian Artists of Arab Origin<\/em>. Gatineau, Que.: Canadian Museum of Civilization, 2003.<br><a href=\"https:\/\/torontomu.primo.exlibrisgroup.com\/discovery\/fulldisplay?vid=01OCUL_TMU:01OCUL_TMU&amp;docid=alma991010972709708636\">N6549.5 .A65 L36 2003<\/a><\/p>\n<\/div>\n<\/div>\n","protected":false},"excerpt":{"rendered":"<p>Rawi Hage was born in Beirut, Lebanon to an Arabic-speaking Christian family who were exiled to Cyprus during the the civil war in Lebanon. He lived in New York for nine years before immigrating to Canada in 1991 or 1992 &hellip; <a href=\"https:\/\/library.torontomu.ca\/asianheritage\/authors\/hage\/\">Continue reading <span class=\"meta-nav\">&rarr;<\/span><\/a><\/p>\n","protected":false},"author":3,"featured_media":0,"parent":16,"menu_order":0,"comment_status":"closed","ping_status":"closed","template":"","meta":{"_acf_changed":false,"footnotes":""},"class_list":["post-431","page","type-page","status-publish","hentry"],"acf":[],"_links":{"self":[{"href":"https:\/\/library.torontomu.ca\/asianheritage\/wp-json\/wp\/v2\/pages\/431","targetHints":{"allow":["GET"]}}],"collection":[{"href":"https:\/\/library.torontomu.ca\/asianheritage\/wp-json\/wp\/v2\/pages"}],"about":[{"href":"https:\/\/library.torontomu.ca\/asianheritage\/wp-json\/wp\/v2\/types\/page"}],"author":[{"embeddable":true,"href":"https:\/\/library.torontomu.ca\/asianheritage\/wp-json\/wp\/v2\/users\/3"}],"replies":[{"embeddable":true,"href":"https:\/\/library.torontomu.ca\/asianheritage\/wp-json\/wp\/v2\/comments?post=431"}],"version-history":[{"count":9,"href":"https:\/\/library.torontomu.ca\/asianheritage\/wp-json\/wp\/v2\/pages\/431\/revisions"}],"predecessor-version":[{"id":21080,"href":"https:\/\/library.torontomu.ca\/asianheritage\/wp-json\/wp\/v2\/pages\/431\/revisions\/21080"}],"up":[{"embeddable":true,"href":"https:\/\/library.torontomu.ca\/asianheritage\/wp-json\/wp\/v2\/pages\/16"}],"wp:attachment":[{"href":"https:\/\/library.torontomu.ca\/asianheritage\/wp-json\/wp\/v2\/media?parent=431"}],"curies":[{"name":"wp","href":"https:\/\/api.w.org\/{rel}","templated":true}]}}