{"id":4299,"date":"2013-02-10T21:18:47","date_gmt":"2013-02-11T02:18:47","guid":{"rendered":"http:\/\/library.ryerson.ca\/asianheritage\/?page_id=4299"},"modified":"2024-08-12T11:30:45","modified_gmt":"2024-08-12T15:30:45","slug":"naim-kattam","status":"publish","type":"page","link":"https:\/\/library.torontomu.ca\/asianheritage\/authors\/naim-kattam\/","title":{"rendered":"Na\u00efm Kattan"},"content":{"rendered":"<section class=\"bottomborder\">\n<div class=\"narrow\"><\/div>\n<div class=\"wide\">Na\u00efm Kattan was born in Baghdad, Iraq in 1928.\u00a0 For the small Jewish community of which he was part, life became very difficult as state sponsored harassment increased, culminating in the post 1951 emigration of many of the country&#8217;s Jews.\u00a0 Kattan made his way to Montreal in 1954 and although Arabic is his first language, he has written, according to his own count, more than thirty books in French.\u00a0 Few of these have been translated into English.\u00a0 His fictional, semi-biographical trilogy (<em>Adieu, Babylon; Les fruits arrach\u00e9s; La fianc\u00e9e promise<\/em>) tells of a Jewish man&#8217;s childhood in Baghdad, university education in Paris, and establishment in Ottawa and Montreal following his arrival in Canada in 1954. Only the first two volumes have been translated into English.\u00a0 Kattan is an Officer of the Order of Canada, a Knight of the National Order of Quebec and a Chevalier of the L\u00e9gion d&#8217;honneur. In recent years Kattan\u00a0 divided his time between Montreal and Paris. He died on July 2, 2021 in Paris.<\/div>\n<\/section>\n<section class=\"bottomborder\">\n<div class=\"narrow\"><img decoding=\"async\" class=\"aligncenter size-medium wp-image-11576 lazyload\" data-src=\"https:\/\/library.torontomu.ca\/asianheritage\/files\/2020\/01\/Celebrations-book-cover-194x300.jpg\" alt=\"\" width=\"194\" height=\"300\" data-srcset=\"https:\/\/library.torontomu.ca\/asianheritage\/files\/2020\/01\/Celebrations-book-cover-194x300.jpg 194w, https:\/\/library.torontomu.ca\/asianheritage\/files\/2020\/01\/Celebrations-book-cover-388x600.jpg 388w, https:\/\/library.torontomu.ca\/asianheritage\/files\/2020\/01\/Celebrations-book-cover-97x150.jpg 97w, https:\/\/library.torontomu.ca\/asianheritage\/files\/2020\/01\/Celebrations-book-cover.jpg 550w\" data-sizes=\"(max-width: 194px) 100vw, 194px\" src=\"data:image\/svg+xml;base64,PHN2ZyB3aWR0aD0iMSIgaGVpZ2h0PSIxIiB4bWxucz0iaHR0cDovL3d3dy53My5vcmcvMjAwMC9zdmciPjwvc3ZnPg==\" style=\"--smush-placeholder-width: 194px; --smush-placeholder-aspect-ratio: 194\/300;\" \/><\/div>\n<div class=\"wide\">\n<h3>Fiction<\/h3>\n<h3>Celebrations<\/h3>\n<p>Translated by Antonio D&#8217;Alfonso.<br \/>\nTranslation of <em>Anniversaire<\/em>.<br \/>\nVictoria, BC: Ekstasis Editions, 2019.<\/p>\n<h4>Publisher&#8217;s Synopsis (From its website)<\/h4>\n<p>A Syrian writer living in Montreal, Ren\u00e9 Shems is also a specialist of Canadian history. After participating in a celebration organized in his honor, Shems decides to send letters to friends and colleagues. He also writers to his ex-wife, his daughter living in the U.S.A., and a past lover. Through this letters the reader meets a successful man. And yet once the letters sent, Shems questions his own success and works. <em>Celebrations<\/em> contains wonderful pages on culture shock, but also interesting thoughts on love, friendship, urban living, people, and cultures. Naim Kattan has produced a marvelous work of fiction and ideas.<\/p>\n<\/div>\n<\/section>\n<section class=\"bottomborder\">\n<div class=\"narrow\"><\/div>\n<div class=\"wide\">\n<h3>Fiction (Autobiographical)<\/h3>\n<h3>Farewell, Babylon<\/h3>\n<p>Translated by Sheila Fischman.<br \/>\nTranslation of <em>Adieu, Babylon<\/em>.<br \/>\nToronto: McClelland and Stewart, 1976.<br \/>\n<a href=\"https:\/\/torontomu.primo.exlibrisgroup.com\/discovery\/fulldisplay?vid=01OCUL_TMU:01OCUL_TMU&#038;docid=alma991007878209708636\">PS9571 .A88 A7313 <\/a><\/p>\n<h4>Publisher&#8217;s Synopsis<\/h4>\n<\/div>\n<\/section>\n<section class=\"bottomborder\">\n<div class=\"narrow\"><img decoding=\"async\" class=\"aligncenter size-full wp-image-11565 lazyload\" data-src=\"https:\/\/library.torontomu.ca\/asianheritage\/files\/2020\/01\/Farida-book-cover.jpg\" alt=\"\" width=\"136\" height=\"218\" data-srcset=\"https:\/\/library.torontomu.ca\/asianheritage\/files\/2020\/01\/Farida-book-cover.jpg 136w, https:\/\/library.torontomu.ca\/asianheritage\/files\/2020\/01\/Farida-book-cover-94x150.jpg 94w\" data-sizes=\"(max-width: 136px) 100vw, 136px\" src=\"data:image\/svg+xml;base64,PHN2ZyB3aWR0aD0iMSIgaGVpZ2h0PSIxIiB4bWxucz0iaHR0cDovL3d3dy53My5vcmcvMjAwMC9zdmciPjwvc3ZnPg==\" style=\"--smush-placeholder-width: 136px; --smush-placeholder-aspect-ratio: 136\/218;\" \/><\/div>\n<div class=\"wide\">\n<h3>Fiction<\/h3>\n<h3>Farida<\/h3>\n<p>Translated by Norman Cornett &amp; Antonio D&#8217;Alfonso.<br \/>\nTranslation of <em>Farida<\/em>.<br \/>\nMontreal: Guernica Editions, 2015.<br \/>\nOn order<\/p>\n<h4>Publisher&#8217;s Synopsis (From its website)<\/h4>\n<p>In this classic love story featuring passion, jealousy and murder, and set in pre-World War II Iraq, Farida, a Jewish woman and cabaret singer, struggles for survival and her freedom in a world on the edge of upheaval and on which falls the dark shadow of war.<\/p>\n<\/div>\n<\/section>\n<section class=\"bottomborder\">\n<div class=\"narrow\"><a href=\"https:\/\/library.torontomu.ca\/asianheritage\/files\/2013\/02\/Neighbour-and-other-stories.jpg\"><img decoding=\"async\" class=\"aligncenter size-full wp-image-4300 lazyload\" data-src=\"https:\/\/library.torontomu.ca\/asianheritage\/files\/2013\/02\/Neighbour-and-other-stories.jpg\" alt=\"The Neighbour and Other Stories book cover\" width=\"160\" height=\"160\" data-srcset=\"https:\/\/library.torontomu.ca\/asianheritage\/files\/2013\/02\/Neighbour-and-other-stories.jpg 160w, https:\/\/library.torontomu.ca\/asianheritage\/files\/2013\/02\/Neighbour-and-other-stories-150x150.jpg 150w\" data-sizes=\"(max-width: 160px) 100vw, 160px\" src=\"data:image\/svg+xml;base64,PHN2ZyB3aWR0aD0iMSIgaGVpZ2h0PSIxIiB4bWxucz0iaHR0cDovL3d3dy53My5vcmcvMjAwMC9zdmciPjwvc3ZnPg==\" style=\"--smush-placeholder-width: 160px; --smush-placeholder-aspect-ratio: 160\/160;\" \/><\/a><\/div>\n<div class=\"wide\">\n<h3>Fiction (Short stories)<\/h3>\n<h3>The Neighbour and Other Stories<\/h3>\n<p>Translated by Judith Madley and Patricia Claxton.<br \/>\nToronto: McClelland &amp; Stewart, 1982.<br \/>\n&#8220;Stories &#8230; selected from Dans le de\u0301sert &#8230; and La traverse\u0301e.&#8221;<br \/>\n<a href=\"https:\/\/torontomu.primo.exlibrisgroup.com\/discovery\/fulldisplay?vid=01OCUL_TMU:01OCUL_TMU&#038;docid=alma991007878319708636\">PS9571 .A88 N4 1982<\/a><\/p>\n<h4>Publisher&#8217;s Synopsis<\/h4>\n<p>NA<\/p>\n<\/div>\n<\/section>\n<section class=\"bottomborder\">\n<div class=\"narrow\"><\/div>\n<div class=\"wide\">\n<h3>Fiction (Autobiographical)<\/h3>\n<h3>Paris Interlude<\/h3>\n<p>Translated by Sheila Fischman.<br \/>\nTranslation of <em>Les fruits arrach\u00e9s<\/em>.<br \/>\nToronto: McClelland and Stewart, 1979.<\/p>\n<h4>Publisher&#8217;s Synopsis<\/h4>\n<p>NA<\/p>\n<\/div>\n<\/section>\n<section class=\"bottomborder\">\n<div class=\"narrow\"><\/div>\n<div class=\"wide\">\n<h3>Non-Fiction<\/h3>\n<h3>Reality and Theatre<\/h3>\n<p>Translated by Alan Brown.<br \/>\nTranslation of <em>Le<\/em> <i>R\u00e9el et le th\u00e9\u00e2tral<\/i>.<br \/>\nToronto: Anansi, 1972.<br \/>\n<a href=\"https:\/\/torontomu.primo.exlibrisgroup.com\/discovery\/fulldisplay?vid=01OCUL_TMU:01OCUL_TMU&#038;docid=alma991000410189708636\">CB427 .K3813<\/a><\/p>\n<h4>Awards and Honours<\/h4>\n<p>1971 Prix France-Canada (winner)<\/p>\n<\/div>\n<\/section>\n<section class=\"bottomborder\">\n<div class=\"narrow\"><a href=\"https:\/\/library.torontomu.ca\/asianheritage\/files\/2012\/06\/Reading-Writers-Reading-book-cover.jpg\"><img decoding=\"async\" class=\"aligncenter size-full wp-image-7282 lazyload\" data-src=\"https:\/\/library.torontomu.ca\/asianheritage\/files\/2012\/06\/Reading-Writers-Reading-book-cover.jpg\" alt=\"Reading Writers Reading book cover\" width=\"160\" height=\"160\" data-srcset=\"https:\/\/library.torontomu.ca\/asianheritage\/files\/2012\/06\/Reading-Writers-Reading-book-cover.jpg 160w, https:\/\/library.torontomu.ca\/asianheritage\/files\/2012\/06\/Reading-Writers-Reading-book-cover-150x150.jpg 150w\" data-sizes=\"(max-width: 160px) 100vw, 160px\" src=\"data:image\/svg+xml;base64,PHN2ZyB3aWR0aD0iMSIgaGVpZ2h0PSIxIiB4bWxucz0iaHR0cDovL3d3dy53My5vcmcvMjAwMC9zdmciPjwvc3ZnPg==\" style=\"--smush-placeholder-width: 160px; --smush-placeholder-aspect-ratio: 160\/160;\" \/><\/a><\/div>\n<div class=\"wide\">\n<h3>Anthology<\/h3>\n<h3>Reading Writers Reading: Canadian Authors&#8217; Reflections<\/h3>\n<p><a href=\"https:\/\/torontomu.primo.exlibrisgroup.com\/discovery\/fulldisplay?vid=01OCUL_TMU:01OCUL_TMU&#038;docid=alma991003400109708636\">Z1039 .A87 R43 2006<\/a><\/p>\n<p>Kattan, Na\u00efm. &#8220;La lecture.&#8221; In <em>Reading Writers Reading: Canadian Authors&#8217; Reflections<\/em>. Danielle Schaub, photographer and ed. Edmonton: University of Alberta Press, 2006, 124-125.<\/p>\n<\/div>\n<\/section>\n<section class=\"bottomborder\">\n<div class=\"narrow\"><\/div>\n<div class=\"wide\">\n<h3>Selected Criticism and Interpretation<\/h3>\n<p>Dahab, F. Elizabeth. &#8220;From Baghdad to Montr\u00e9al via Paris: Naim Kattan and His Multiple Reality.&#8221;In her <em>Voices of Exile in Contemporary Francophone Canadian Literature<\/em>. Lanhan: Lexington Books, 2009.<br \/>\n<a href=\"https:\/\/torontomu.primo.exlibrisgroup.com\/discovery\/fulldisplay?vid=01OCUL_TMU:01OCUL_TMU&#038;docid=alma991000344869708636\">PS9089.5.I5 D35 2009<\/a><\/p>\n<hr \/>\n<p>Greenstein, Michael. &#8220;Iraqu\u00e9bec: Na\u00efm Kattan&#8217;s Trans-mimetic Diaspora.&#8221; In <em>Textualizing the Immigrant Experience in Contemporary Quebec<\/em>, eds. Susan Ireland and Patrice J. Proulx. Westport, CT: Praeger, 2004, 117-126.<br \/>\n<a href=\"https:\/\/torontomu.primo.exlibrisgroup.com\/discovery\/fulldisplay?vid=01OCUL_TMU:01OCUL_TMU&#038;docid=alma991001067729708636%7ES0\">PQ3917 .Q3 T49 2004<\/a><\/p>\n<hr \/>\n<p>Jama, Sophie. <em>Les temps du nomade: itin\u00e9raire d&#8217;un \u00e9crivain: entretiens avec Na\u00efm Kattan<\/em>. Montr\u00e9al : Liber, 2005.<br \/>\n<a href=\"https:\/\/torontomu.primo.exlibrisgroup.com\/discovery\/fulldisplay?vid=01OCUL_TMU:01OCUL_TMU&#038;docid=alma991003174929708636\">PS9571.A872 Z467 2005<\/a><\/p>\n<hr \/>\n<p>Miska, John. <em>Ethnic and Native Canadian Literature : A Bibliography<\/em>. Toronto: University of Toronto Press, 1990, 204-206.<br \/>\n<a href=\"https:\/\/torontomu.primo.exlibrisgroup.com\/discovery\/fulldisplay?vid=01OCUL_TMU:01OCUL_TMU&#038;docid=alma991000030119708636\">PS8089.5.I6 Z76 1990<\/a><\/p>\n<hr \/>\n<p>Xavier, Subhagnana. &#8220;The Economy of the Migrant Text: Theorizing a French Literature of Migration&#8221;.&#8221; Ph.D. diss., The University of Wisconsin &#8211; Madison, 2007.<br \/>\nAvailable from <a href=\"https:\/\/torontomu.primo.exlibrisgroup.com\/discovery\/fulldisplay?vid=01OCUL_TMU:01OCUL_TMU&#038;docid=alma991004583869708636\">Proquest Dissertations and Theses<\/a><\/p>\n<\/div>\n<\/section>\n<section>\n<div class=\"narrow\"><\/div>\n<div class=\"wide\">\n<h3>Links<\/h3>\n<p><a href=\"https:\/\/thecanadianencyclopedia.ca\/en\/article\/naim-kattan\">Profile<\/a> by Jacques Cotnam in the <em>Canadian Encyclopedia<\/em> online<\/p>\n<p>Publisher <a href=\"http:\/\/www.ekstasiseditions.com\/\">Ekstasis Editions<\/a><\/p>\n<p>Publisher <a href=\"https:\/\/www.guernicaeditions.com\">Guernica Editions<\/a><\/p>\n<p><a href=\"https:\/\/thecjn.ca\/news\/canada\/iraqi-born-writer-naim-kattan-brought-cultures-together-in-quebec\/\">Obituary<\/a> by Janice Arnold from the <em>Canadian Jewish News<\/em>, July 6, 2021<\/p>\n<p><a href=\"https:\/\/www.actualites.uqam.ca\/2021\/en-memoire-de-naim-kattan\">Memorial<\/a> by Pierre-Etienne Caza in <em>L&#8217;actualit\u00e9s UQAM<\/em>, July 6, 2021<\/p>\n<\/div>\n<\/section>\n","protected":false},"excerpt":{"rendered":"<p>Na\u00efm Kattan was born in Baghdad, Iraq in 1928.\u00a0 For the small Jewish community of which he was part, life became very difficult as state sponsored harassment increased, culminating in the post 1951 emigration of many of the country&#8217;s Jews.\u00a0 &hellip; <a href=\"https:\/\/library.torontomu.ca\/asianheritage\/authors\/naim-kattam\/\">Continue reading <span class=\"meta-nav\">&rarr;<\/span><\/a><\/p>\n","protected":false},"author":11,"featured_media":0,"parent":16,"menu_order":0,"comment_status":"closed","ping_status":"closed","template":"","meta":{"_acf_changed":false,"footnotes":""},"class_list":["post-4299","page","type-page","status-publish","hentry"],"acf":[],"_links":{"self":[{"href":"https:\/\/library.torontomu.ca\/asianheritage\/wp-json\/wp\/v2\/pages\/4299","targetHints":{"allow":["GET"]}}],"collection":[{"href":"https:\/\/library.torontomu.ca\/asianheritage\/wp-json\/wp\/v2\/pages"}],"about":[{"href":"https:\/\/library.torontomu.ca\/asianheritage\/wp-json\/wp\/v2\/types\/page"}],"author":[{"embeddable":true,"href":"https:\/\/library.torontomu.ca\/asianheritage\/wp-json\/wp\/v2\/users\/11"}],"replies":[{"embeddable":true,"href":"https:\/\/library.torontomu.ca\/asianheritage\/wp-json\/wp\/v2\/comments?post=4299"}],"version-history":[{"count":10,"href":"https:\/\/library.torontomu.ca\/asianheritage\/wp-json\/wp\/v2\/pages\/4299\/revisions"}],"predecessor-version":[{"id":18637,"href":"https:\/\/library.torontomu.ca\/asianheritage\/wp-json\/wp\/v2\/pages\/4299\/revisions\/18637"}],"up":[{"embeddable":true,"href":"https:\/\/library.torontomu.ca\/asianheritage\/wp-json\/wp\/v2\/pages\/16"}],"wp:attachment":[{"href":"https:\/\/library.torontomu.ca\/asianheritage\/wp-json\/wp\/v2\/media?parent=4299"}],"curies":[{"name":"wp","href":"https:\/\/api.w.org\/{rel}","templated":true}]}}