{"id":16569,"date":"2023-06-25T17:30:06","date_gmt":"2023-06-25T21:30:06","guid":{"rendered":"https:\/\/library.torontomu.ca\/asianheritage\/?page_id=16569"},"modified":"2023-06-25T17:30:07","modified_gmt":"2023-06-25T21:30:07","slug":"marya-zarif","status":"publish","type":"page","link":"https:\/\/library.torontomu.ca\/asianheritage\/authors\/marya-zarif\/","title":{"rendered":"Marya Zarif"},"content":{"rendered":"\n<div class=\"wp-block-columns is-layout-flex wp-container-core-columns-is-layout-9d6595d7 wp-block-columns-is-layout-flex\">\n<div class=\"wp-block-column is-layout-flow wp-block-column-is-layout-flow\" style=\"flex-basis:33.33%\"><\/div>\n\n\n\n<div class=\"wp-block-column is-layout-flow wp-block-column-is-layout-flow\" style=\"flex-basis:66.66%\">\n<p>Marya Zarif was born in Aleppo, Syria and now lives in Montreal. Zarif is a multidisciplinary and multiplatform artist, and the author, designer, and co-director of the animated series <em>Dounia<\/em>, broadcast on both T\u00e9l\u00e9-Qu\u00e9bec and CBC Gem. Her picture book <em>Dounia<\/em> was first published in French in 2021 by Bayard Canada Livres.<\/p>\n<\/div>\n<\/div>\n\n\n\n<div class=\"wp-block-columns is-layout-flex wp-container-core-columns-is-layout-9d6595d7 wp-block-columns-is-layout-flex\">\n<div class=\"wp-block-column is-layout-flow wp-block-column-is-layout-flow\" style=\"flex-basis:33.33%\"><div class=\"wp-block-image\">\n<figure class=\"aligncenter size-large is-resized\"><img decoding=\"async\" data-src=\"https:\/\/library.torontomu.ca\/asianheritage\/files\/2023\/06\/Dounia-and-the-Magic-Seeds-book-cover-514x600.jpg\" alt=\"\" class=\"wp-image-16571 lazyload\" width=\"193\" height=\"225\" data-srcset=\"https:\/\/library.torontomu.ca\/asianheritage\/files\/2023\/06\/Dounia-and-the-Magic-Seeds-book-cover-514x600.jpg 514w, https:\/\/library.torontomu.ca\/asianheritage\/files\/2023\/06\/Dounia-and-the-Magic-Seeds-book-cover-257x300.jpg 257w, https:\/\/library.torontomu.ca\/asianheritage\/files\/2023\/06\/Dounia-and-the-Magic-Seeds-book-cover-128x150.jpg 128w, https:\/\/library.torontomu.ca\/asianheritage\/files\/2023\/06\/Dounia-and-the-Magic-Seeds-book-cover.jpg 631w\" data-sizes=\"(max-width: 193px) 100vw, 193px\" src=\"data:image\/svg+xml;base64,PHN2ZyB3aWR0aD0iMSIgaGVpZ2h0PSIxIiB4bWxucz0iaHR0cDovL3d3dy53My5vcmcvMjAwMC9zdmciPjwvc3ZnPg==\" style=\"--smush-placeholder-width: 193px; --smush-placeholder-aspect-ratio: 193\/225;\" \/><\/figure>\n<\/div><\/div>\n\n\n\n<div class=\"wp-block-column is-layout-flow wp-block-column-is-layout-flow\" style=\"flex-basis:66.66%\">\n<h2 class=\"wp-block-heading\">Fiction (Juvenile, Picture book)<\/h2>\n\n\n\n<h2 class=\"wp-block-heading\">Dounia and the Magic Seeds<\/h2>\n\n\n\n<p>Translated by Yvette Ghione.<br>Toronto: Owlkids Books, 2023.<\/p>\n\n\n\n<h4 class=\"wp-block-heading\">Publisher&#8217;s Synopsis (From its website)<\/h4>\n\n\n\n<p>Dounia loves her home in Aleppo, Syria, and all of its wonderful smells, sights, and traditions. But when war breaks out, Dounia and her grandparents must flee their home to find safety. Before they go, their neighbor reads their future in a cup of coffee and sees a long, difficult journey ahead, and a blue house waiting at the end.<\/p>\n\n\n\n<p>With only a bird carved from Aleppo soap and four little barak\u00e9 seeds in her pocket, Dounia and her family face dangerous waters, a camp surrounded by barbed wire, and unfriendly soldiers. Remembering the ancient knowledge that barak\u00e9 seeds ward off evil, Dounia pulls one from her pocket to use for each of the threats her family faces. Magically, the seeds help the family along their way, until they finally find the blue house prophesied by their neighbor.<\/p>\n<\/div>\n<\/div>\n\n\n\n<div class=\"wp-block-columns is-layout-flex wp-container-core-columns-is-layout-9d6595d7 wp-block-columns-is-layout-flex\">\n<div class=\"wp-block-column is-layout-flow wp-block-column-is-layout-flow\" style=\"flex-basis:33.33%\"><\/div>\n\n\n\n<div class=\"wp-block-column is-layout-flow wp-block-column-is-layout-flow\" style=\"flex-basis:66.66%\">\n<h2 class=\"wp-block-heading\">Links<\/h2>\n\n\n\n<p>Publisher <a href=\"https:\/\/owlkidsbooks.com\/\">Owlkids Books<\/a><\/p>\n\n\n\n<p>Dounia and the Magic Seeds <a href=\"https:\/\/owlkidsbooks.com\/wp-content\/uploads\/2023\/02\/Dounia-and-the-Magic-Seeds_Discussion-Guide.pdf\">discussion guide<\/a><\/p>\n\n\n\n<p><a href=\"https:\/\/www.dounia.ca\/en\/\">Dounia film and original book website<\/a><\/p>\n<\/div>\n<\/div>\n","protected":false},"excerpt":{"rendered":"<p>Marya Zarif was born in Aleppo, Syria and now lives in Montreal. Zarif is a multidisciplinary and multiplatform artist, and the author, designer, and co-director of the animated series Dounia, broadcast on both T\u00e9l\u00e9-Qu\u00e9bec and CBC Gem. Her picture book &hellip; <a href=\"https:\/\/library.torontomu.ca\/asianheritage\/authors\/marya-zarif\/\">Continue reading <span class=\"meta-nav\">&rarr;<\/span><\/a><\/p>\n","protected":false},"author":11,"featured_media":0,"parent":16,"menu_order":0,"comment_status":"closed","ping_status":"closed","template":"","meta":{"_acf_changed":false,"footnotes":""},"class_list":["post-16569","page","type-page","status-publish","hentry"],"acf":[],"_links":{"self":[{"href":"https:\/\/library.torontomu.ca\/asianheritage\/wp-json\/wp\/v2\/pages\/16569","targetHints":{"allow":["GET"]}}],"collection":[{"href":"https:\/\/library.torontomu.ca\/asianheritage\/wp-json\/wp\/v2\/pages"}],"about":[{"href":"https:\/\/library.torontomu.ca\/asianheritage\/wp-json\/wp\/v2\/types\/page"}],"author":[{"embeddable":true,"href":"https:\/\/library.torontomu.ca\/asianheritage\/wp-json\/wp\/v2\/users\/11"}],"replies":[{"embeddable":true,"href":"https:\/\/library.torontomu.ca\/asianheritage\/wp-json\/wp\/v2\/comments?post=16569"}],"version-history":[{"count":2,"href":"https:\/\/library.torontomu.ca\/asianheritage\/wp-json\/wp\/v2\/pages\/16569\/revisions"}],"predecessor-version":[{"id":16572,"href":"https:\/\/library.torontomu.ca\/asianheritage\/wp-json\/wp\/v2\/pages\/16569\/revisions\/16572"}],"up":[{"embeddable":true,"href":"https:\/\/library.torontomu.ca\/asianheritage\/wp-json\/wp\/v2\/pages\/16"}],"wp:attachment":[{"href":"https:\/\/library.torontomu.ca\/asianheritage\/wp-json\/wp\/v2\/media?parent=16569"}],"curies":[{"name":"wp","href":"https:\/\/api.w.org\/{rel}","templated":true}]}}