{"id":16106,"date":"2023-02-20T17:46:25","date_gmt":"2023-02-20T22:46:25","guid":{"rendered":"https:\/\/library.torontomu.ca\/asianheritage\/?page_id=16106"},"modified":"2024-05-03T18:06:57","modified_gmt":"2024-05-03T22:06:57","slug":"sofia-mostaghimi","status":"publish","type":"page","link":"https:\/\/library.torontomu.ca\/asianheritage\/authors\/sofia-mostaghimi\/","title":{"rendered":"Sofia Mostaghimi"},"content":{"rendered":"\n<div class=\"wp-block-columns is-layout-flex wp-container-core-columns-is-layout-9d6595d7 wp-block-columns-is-layout-flex\">\n<div class=\"wp-block-column is-layout-flow wp-block-column-is-layout-flow\" style=\"flex-basis:33.33%\"><\/div>\n\n\n\n<div class=\"wp-block-column is-layout-flow wp-block-column-is-layout-flow\" style=\"flex-basis:66.66%\">\n<p>Sofia Mostaghimi was born in Sherbrooke, Qu\u00e9bec to a Qu\u00e9b\u00e9coise mother and an Iranian father. Mostaghimi grew up in Mississauga, Ontario and now lives and works as fiction writer and educator in Toronto\/Tkaronto.<\/p>\n<\/div>\n<\/div>\n\n\n\n<div class=\"wp-block-columns is-layout-flex wp-container-core-columns-is-layout-9d6595d7 wp-block-columns-is-layout-flex\">\n<div class=\"wp-block-column is-layout-flow wp-block-column-is-layout-flow\" style=\"flex-basis:33.33%\"><div class=\"wp-block-image\">\n<figure class=\"aligncenter size-full is-resized\"><img decoding=\"async\" width=\"333\" height=\"499\" data-src=\"https:\/\/library.torontomu.ca\/asianheritage\/files\/2023\/02\/Desperada-book-cover.jpg\" alt=\"\" class=\"wp-image-16108 lazyload\" style=\"--smush-placeholder-width: 333px; --smush-placeholder-aspect-ratio: 333\/499;width:146px;height:219px\" data-srcset=\"https:\/\/library.torontomu.ca\/asianheritage\/files\/2023\/02\/Desperada-book-cover.jpg 333w, https:\/\/library.torontomu.ca\/asianheritage\/files\/2023\/02\/Desperada-book-cover-200x300.jpg 200w, https:\/\/library.torontomu.ca\/asianheritage\/files\/2023\/02\/Desperada-book-cover-100x150.jpg 100w\" data-sizes=\"(max-width: 333px) 100vw, 333px\" src=\"data:image\/svg+xml;base64,PHN2ZyB3aWR0aD0iMSIgaGVpZ2h0PSIxIiB4bWxucz0iaHR0cDovL3d3dy53My5vcmcvMjAwMC9zdmciPjwvc3ZnPg==\" \/><\/figure>\n<\/div><\/div>\n\n\n\n<div class=\"wp-block-column is-layout-flow wp-block-column-is-layout-flow\" style=\"flex-basis:66.66%\">\n<h2 class=\"wp-block-heading\">Fiction<\/h2>\n\n\n\n<h2 class=\"wp-block-heading\">Desperado<\/h2>\n\n\n\n<p>Toronto: Random House Canada, 2023.<\/p>\n\n\n\n<h4 class=\"wp-block-heading\">Publisher&#8217;s Synopsis<\/h4>\n\n\n\n<p>Kora can&#8217;t make it through the funeral for her little sister, Kimia, the bright star of her Iranian-Canadian family. She also can&#8217;t go on with her life as if nothing has happened. Shocking her family and friends, she quits her job and books a one-way flight away from home, seeking experiences that will obliterate her sadness. Or maybe help her become more like Kimia, who was always able to act on her own desires and keep other people&#8217;s expectations at bay.&nbsp;<br><br>Kora lands first in Iceland, chasing an old flame, trying to lose herself in &#8220;love.&#8221; When that doesn&#8217;t work out, she takes off again, for Paris, then Barcelona, Berlin, Istanbul and finally the party beaches of Thailand, drowning her grief and fear in alcohol, drugs, and sex. Her sexual encounters are always reckless, and sometimes dangerous. But almost despite herself, Kora begins to build an understanding of how to go on living after someone you love has died. By blowing up all the conventions that kept her ignorant of herself and her desires, she finds a path to healing.<\/p>\n<\/div>\n<\/div>\n\n\n\n<div class=\"wp-block-columns is-layout-flex wp-container-core-columns-is-layout-9d6595d7 wp-block-columns-is-layout-flex\">\n<div class=\"wp-block-column is-layout-flow wp-block-column-is-layout-flow\" style=\"flex-basis:33.33%\"><\/div>\n\n\n\n<div class=\"wp-block-column is-layout-flow wp-block-column-is-layout-flow\" style=\"flex-basis:66.66%\">\n<h2 class=\"wp-block-heading\">Links<\/h2>\n\n\n\n<p>Sofia Mostaghimi <a href=\"http:\/\/www.sofiamostaghimi.com\/\">personal website<\/a><\/p>\n\n\n\n<p>Publisher <a href=\"https:\/\/www.penguinrandomhouse.ca\">Penguin Random House Canada<\/a><\/p>\n<\/div>\n<\/div>\n","protected":false},"excerpt":{"rendered":"<p>Sofia Mostaghimi was born in Sherbrooke, Qu\u00e9bec to a Qu\u00e9b\u00e9coise mother and an Iranian father. Mostaghimi grew up in Mississauga, Ontario and now lives and works as fiction writer and educator in Toronto\/Tkaronto. Fiction Desperado Toronto: Random House Canada, 2023. &hellip; <a href=\"https:\/\/library.torontomu.ca\/asianheritage\/authors\/sofia-mostaghimi\/\">Continue reading <span class=\"meta-nav\">&rarr;<\/span><\/a><\/p>\n","protected":false},"author":11,"featured_media":0,"parent":16,"menu_order":0,"comment_status":"closed","ping_status":"closed","template":"","meta":{"_acf_changed":false,"footnotes":""},"class_list":["post-16106","page","type-page","status-publish","hentry"],"acf":[],"_links":{"self":[{"href":"https:\/\/library.torontomu.ca\/asianheritage\/wp-json\/wp\/v2\/pages\/16106","targetHints":{"allow":["GET"]}}],"collection":[{"href":"https:\/\/library.torontomu.ca\/asianheritage\/wp-json\/wp\/v2\/pages"}],"about":[{"href":"https:\/\/library.torontomu.ca\/asianheritage\/wp-json\/wp\/v2\/types\/page"}],"author":[{"embeddable":true,"href":"https:\/\/library.torontomu.ca\/asianheritage\/wp-json\/wp\/v2\/users\/11"}],"replies":[{"embeddable":true,"href":"https:\/\/library.torontomu.ca\/asianheritage\/wp-json\/wp\/v2\/comments?post=16106"}],"version-history":[{"count":4,"href":"https:\/\/library.torontomu.ca\/asianheritage\/wp-json\/wp\/v2\/pages\/16106\/revisions"}],"predecessor-version":[{"id":17735,"href":"https:\/\/library.torontomu.ca\/asianheritage\/wp-json\/wp\/v2\/pages\/16106\/revisions\/17735"}],"up":[{"embeddable":true,"href":"https:\/\/library.torontomu.ca\/asianheritage\/wp-json\/wp\/v2\/pages\/16"}],"wp:attachment":[{"href":"https:\/\/library.torontomu.ca\/asianheritage\/wp-json\/wp\/v2\/media?parent=16106"}],"curies":[{"name":"wp","href":"https:\/\/api.w.org\/{rel}","templated":true}]}}