{"id":14867,"date":"2022-02-14T22:18:21","date_gmt":"2022-02-15T03:18:21","guid":{"rendered":"https:\/\/library.ryerson.ca\/asianheritage\/?page_id=14867"},"modified":"2025-11-27T14:44:19","modified_gmt":"2025-11-27T19:44:19","slug":"wai-mei-wong","status":"publish","type":"page","link":"https:\/\/library.torontomu.ca\/asianheritage\/authors\/wai-mei-wong\/","title":{"rendered":"Wai Mei Wong"},"content":{"rendered":"\n<div class=\"wp-block-columns is-layout-flex wp-container-core-columns-is-layout-9d6595d7 wp-block-columns-is-layout-flex\">\n<div class=\"wp-block-column is-layout-flow wp-block-column-is-layout-flow\" style=\"flex-basis:33.33%\"><\/div>\n\n\n\n<div class=\"wp-block-column is-layout-flow wp-block-column-is-layout-flow\" style=\"flex-basis:66.66%\">\n<p>Wai Mei Wong was born in Hong Kong and now lives in Toronto. Wong is an early childhood educator.<\/p>\n<\/div>\n<\/div>\n\n\n\n<div class=\"wp-block-columns is-layout-flex wp-container-core-columns-is-layout-9d6595d7 wp-block-columns-is-layout-flex\">\n<div class=\"wp-block-column is-layout-flow wp-block-column-is-layout-flow\" style=\"flex-basis:33.33%\"><div class=\"wp-block-image\">\n<figure class=\"aligncenter size-full\"><img decoding=\"async\" width=\"182\" height=\"218\" data-src=\"https:\/\/library.torontomu.ca\/asianheritage\/files\/2024\/10\/Courage-Every-Day-book-cover.jpg\" alt=\"\" class=\"wp-image-19369 lazyload\" data-srcset=\"https:\/\/library.torontomu.ca\/asianheritage\/files\/2024\/10\/Courage-Every-Day-book-cover.jpg 182w, https:\/\/library.torontomu.ca\/asianheritage\/files\/2024\/10\/Courage-Every-Day-book-cover-125x150.jpg 125w\" data-sizes=\"(max-width: 182px) 100vw, 182px\" src=\"data:image\/svg+xml;base64,PHN2ZyB3aWR0aD0iMSIgaGVpZ2h0PSIxIiB4bWxucz0iaHR0cDovL3d3dy53My5vcmcvMjAwMC9zdmciPjwvc3ZnPg==\" style=\"--smush-placeholder-width: 182px; --smush-placeholder-aspect-ratio: 182\/218;\" \/><\/figure>\n<\/div><\/div>\n\n\n\n<div class=\"wp-block-column is-layout-flow wp-block-column-is-layout-flow\" style=\"flex-basis:66.66%\">\n<h2 class=\"wp-block-heading\">Fiction (Juvenile, Picture book)<\/h2>\n\n\n\n<h2 class=\"wp-block-heading\">Courage Every Day<\/h2>\n\n\n\n<p>Illustrated by Kirsti Beautyman.<br>Ann Arbor, MI: Tilbury House Publishers, 2024.<br><a href=\"https:\/\/torontomu.primo.exlibrisgroup.com\/permalink\/01OCUL_TMU\/1pfebod\/alma991014580266408636\">PZ7.1.W644 C68 2024<\/a><\/p>\n\n\n\n<h4 class=\"wp-block-heading\">Publisher&#8217;s Synopsis (From its website)<\/h4>\n\n\n\n<p>One girl&#8217;s tummy flutters with butterflies. &#8220;Have courage,&#8221; says Papa. But, she wonders, what exactly is courage? Papa lets her know that courage is the big, heroic feats&#8211;as well as the smaller everyday choices we make. With comforting, lyrical text, this story shows young readers that they too can be courageous every single day. Backmatter includes a note for parents on helping children develop their own sense of courage.&nbsp;<\/p>\n<\/div>\n<\/div>\n\n\n\n<div class=\"wp-block-columns is-layout-flex wp-container-core-columns-is-layout-9d6595d7 wp-block-columns-is-layout-flex\">\n<div class=\"wp-block-column is-layout-flow wp-block-column-is-layout-flow\" style=\"flex-basis:33.33%\"><div class=\"wp-block-image is-resized\">\n<figure class=\"aligncenter size-full\"><img decoding=\"async\" width=\"289\" height=\"320\" data-src=\"https:\/\/library.torontomu.ca\/asianheritage\/files\/2022\/02\/Hello-Dark-book-cover.jpg\" alt=\"\" class=\"wp-image-14869 lazyload\" style=\"--smush-placeholder-width: 289px; --smush-placeholder-aspect-ratio: 289\/320;width:200px;height:auto\" data-srcset=\"https:\/\/library.torontomu.ca\/asianheritage\/files\/2022\/02\/Hello-Dark-book-cover.jpg 289w, https:\/\/library.torontomu.ca\/asianheritage\/files\/2022\/02\/Hello-Dark-book-cover-271x300.jpg 271w, https:\/\/library.torontomu.ca\/asianheritage\/files\/2022\/02\/Hello-Dark-book-cover-135x150.jpg 135w\" data-sizes=\"(max-width: 289px) 100vw, 289px\" src=\"data:image\/svg+xml;base64,PHN2ZyB3aWR0aD0iMSIgaGVpZ2h0PSIxIiB4bWxucz0iaHR0cDovL3d3dy53My5vcmcvMjAwMC9zdmciPjwvc3ZnPg==\" \/><\/figure>\n<\/div><\/div>\n\n\n\n<div class=\"wp-block-column is-layout-flow wp-block-column-is-layout-flow\" style=\"flex-basis:66.66%\">\n<h2 class=\"wp-block-heading\">Fiction (Juvenile, Picture book)<\/h2>\n\n\n\n<h2 class=\"wp-block-heading\">Hello, Dark<\/h2>\n\n\n\n<p>Illustrated by Tamara Campeau.<br>Toronto: Pajama Press, 2021.<br><a href=\"https:\/\/torontomu.primo.exlibrisgroup.com\/permalink\/01OCUL_TMU\/1pfebod\/alma991007452469708636\">PZ7.1.W65 H45 2021<\/a><\/p>\n\n\n\n<h4 class=\"wp-block-heading\">Publisher&#8217;s Synopsis (From its website)<\/h4>\n\n\n\n<p>A little boy faces his fear of the dark by engaging in a conversation with it. Imagining the dark as a friendly shadow creature, the boy comes to the realization that the dark is not only a necessary part of life, but that it can be fun as well! The boy and his new friend play make believe, meditate, and listen to music until it\u2019s finally time to fall asleep.<\/p>\n<\/div>\n<\/div>\n\n\n\n<div class=\"wp-block-columns is-layout-flex wp-container-core-columns-is-layout-9d6595d7 wp-block-columns-is-layout-flex\">\n<div class=\"wp-block-column is-layout-flow wp-block-column-is-layout-flow\" style=\"flex-basis:33.33%\"><div class=\"wp-block-image\">\n<figure class=\"aligncenter size-full\"><img decoding=\"async\" width=\"218\" height=\"218\" data-src=\"https:\/\/library.torontomu.ca\/asianheritage\/files\/2024\/02\/I-Love-Myself-book-cover.jpg\" alt=\"\" class=\"wp-image-17338 lazyload\" data-srcset=\"https:\/\/library.torontomu.ca\/asianheritage\/files\/2024\/02\/I-Love-Myself-book-cover.jpg 218w, https:\/\/library.torontomu.ca\/asianheritage\/files\/2024\/02\/I-Love-Myself-book-cover-150x150.jpg 150w\" data-sizes=\"(max-width: 218px) 100vw, 218px\" src=\"data:image\/svg+xml;base64,PHN2ZyB3aWR0aD0iMSIgaGVpZ2h0PSIxIiB4bWxucz0iaHR0cDovL3d3dy53My5vcmcvMjAwMC9zdmciPjwvc3ZnPg==\" style=\"--smush-placeholder-width: 218px; --smush-placeholder-aspect-ratio: 218\/218;\" \/><\/figure>\n<\/div><\/div>\n\n\n\n<div class=\"wp-block-column is-layout-flow wp-block-column-is-layout-flow\" style=\"flex-basis:66.66%\">\n<h2 class=\"wp-block-heading\">Fiction (Juvenile, Picture book)<\/h2>\n\n\n\n<h2 class=\"wp-block-heading\">I Love Myself<\/h2>\n\n\n\n<p>Illustrated by Julia Vasileva<br>Victoria, BC: Orca Book Publishers, 2024.<br><a href=\"https:\/\/torontomu.primo.exlibrisgroup.com\/permalink\/01OCUL_TMU\/1pfebod\/alma991014694978808636\" data-type=\"link\" data-id=\"https:\/\/torontomu.primo.exlibrisgroup.com\/permalink\/01OCUL_TMU\/1pfebod\/alma991014694978808636\">PZ7.1.W65 I25 2024<\/a><\/p>\n\n\n\n<h4 class=\"wp-block-heading\">Publisher&#8217;s Synopsis (From its website)<\/h4>\n\n\n\n<p>Even an ordinary day is full of little challenges, especially when you&#8217;re a kid. Like when you&#8217;re learning to ride a bike and you still need training wheels&#8230;so the other kids ride past you. Or when you jump in a mud puddle&#8230;but you fall in and get your pants wet. Luckily you can learn to be kind to yourself with a bit of practice.<\/p>\n\n\n\n<p>In this sweet picture book we accompany a child through their day, from morning to bedtime, as their inner self\u2014portrayed as a cuddly imaginary creature\u2014supports them in their endeavors. Some are harder than others, but the positive message of the text highlights how you can love yourself through big feelings, try something different, say no, and so much more.<\/p>\n<\/div>\n<\/div>\n\n\n\n<div class=\"wp-block-columns is-layout-flex wp-container-core-columns-is-layout-9d6595d7 wp-block-columns-is-layout-flex\">\n<div class=\"wp-block-column is-layout-flow wp-block-column-is-layout-flow\" style=\"flex-basis:33.33%\"><div class=\"wp-block-image\">\n<figure class=\"aligncenter size-full\"><img decoding=\"async\" width=\"218\" height=\"218\" data-src=\"https:\/\/library.torontomu.ca\/asianheritage\/files\/2025\/04\/Mamas-Special-Wonton-Soup-book-cover.jpg\" alt=\"\" class=\"wp-image-20140 lazyload\" data-srcset=\"https:\/\/library.torontomu.ca\/asianheritage\/files\/2025\/04\/Mamas-Special-Wonton-Soup-book-cover.jpg 218w, https:\/\/library.torontomu.ca\/asianheritage\/files\/2025\/04\/Mamas-Special-Wonton-Soup-book-cover-150x150.jpg 150w\" data-sizes=\"(max-width: 218px) 100vw, 218px\" src=\"data:image\/svg+xml;base64,PHN2ZyB3aWR0aD0iMSIgaGVpZ2h0PSIxIiB4bWxucz0iaHR0cDovL3d3dy53My5vcmcvMjAwMC9zdmciPjwvc3ZnPg==\" style=\"--smush-placeholder-width: 218px; --smush-placeholder-aspect-ratio: 218\/218;\" \/><\/figure>\n<\/div><\/div>\n\n\n\n<div class=\"wp-block-column is-layout-flow wp-block-column-is-layout-flow\" style=\"flex-basis:66.66%\">\n<h2 class=\"wp-block-heading\">Fiction (Juvenile, Picture book)<\/h2>\n\n\n\n<h2 class=\"wp-block-heading\">Mama&#8217;s Special Wonton Soup<\/h2>\n\n\n\n<p>Illustrated by Xin Yue Zhu.<br>Newbury, UK: Lantana Publishing, 2025.<br><\/p>\n\n\n\n<h4 class=\"wp-block-heading\">Publisher&#8217;s Synopsis <\/h4>\n\n\n\n<p>One day in a village in Southern China, a young girl leaves her mama&#8217;s house to buy ingredients for wonton soup. On the way to the market, she meets a wonderful array of characters going about their daily lives.<\/p>\n\n\n\n<p>There&#8217;s Ms. Chen pulling radishes from the fields, Mr. Li and his daughters hauling shrimp from the lake, and grandma hanging out strings of persimmons to dry in the sun.<\/p>\n\n\n\n<p>As the girl greets each of them with &#8220;Z\u01ceo \u0101n,&#8221; and thanks them with &#8220;Xi\u00e8 xi\u00e8,&#8221; they gift her with something special for her mama&#8217;s cooking pot. By the time the little girl reaches home, she has more food than they could possibly eat. What should the two of them do now?<\/p>\n\n\n\n<p>This charming story of cooking, sharing, and living a peaceful rural life soothes the soul in today&#8217;s fast-paced, high-tech world.<\/p>\n<\/div>\n<\/div>\n\n\n\n<div class=\"wp-block-columns is-layout-flex wp-container-core-columns-is-layout-9d6595d7 wp-block-columns-is-layout-flex\">\n<div class=\"wp-block-column is-layout-flow wp-block-column-is-layout-flow\" style=\"flex-basis:33.33%\"><\/div>\n\n\n\n<div class=\"wp-block-column is-layout-flow wp-block-column-is-layout-flow\" style=\"flex-basis:66.66%\">\n<h2 class=\"wp-block-heading\">Links<\/h2>\n\n\n\n<p>Publisher <a href=\"https:\/\/www.lantanapublishing.com\/\">Lantana Publishing<\/a><\/p>\n\n\n\n<p>Publisher <a href=\"https:\/\/www.orcabook.com\">Orca Book Publishers<\/a><\/p>\n\n\n\n<p>Publisher <a href=\"https:\/\/pajamapress.ca\">Pajama Press<\/a><\/p>\n\n\n\n<p>Publisher <a href=\"https:\/\/www.tilburyhouse.com\/\">Tilbury House Publishers<\/a><\/p>\n<\/div>\n<\/div>\n","protected":false},"excerpt":{"rendered":"<p>Wai Mei Wong was born in Hong Kong and now lives in Toronto. Wong is an early childhood educator. Fiction (Juvenile, Picture book) Courage Every Day Illustrated by Kirsti Beautyman.Ann Arbor, MI: Tilbury House Publishers, 2024.PZ7.1.W644 C68 2024 Publisher&#8217;s Synopsis &hellip; <a href=\"https:\/\/library.torontomu.ca\/asianheritage\/authors\/wai-mei-wong\/\">Continue reading <span class=\"meta-nav\">&rarr;<\/span><\/a><\/p>\n","protected":false},"author":11,"featured_media":0,"parent":16,"menu_order":0,"comment_status":"closed","ping_status":"closed","template":"","meta":{"_acf_changed":false,"footnotes":""},"class_list":["post-14867","page","type-page","status-publish","hentry"],"acf":[],"_links":{"self":[{"href":"https:\/\/library.torontomu.ca\/asianheritage\/wp-json\/wp\/v2\/pages\/14867","targetHints":{"allow":["GET"]}}],"collection":[{"href":"https:\/\/library.torontomu.ca\/asianheritage\/wp-json\/wp\/v2\/pages"}],"about":[{"href":"https:\/\/library.torontomu.ca\/asianheritage\/wp-json\/wp\/v2\/types\/page"}],"author":[{"embeddable":true,"href":"https:\/\/library.torontomu.ca\/asianheritage\/wp-json\/wp\/v2\/users\/11"}],"replies":[{"embeddable":true,"href":"https:\/\/library.torontomu.ca\/asianheritage\/wp-json\/wp\/v2\/comments?post=14867"}],"version-history":[{"count":10,"href":"https:\/\/library.torontomu.ca\/asianheritage\/wp-json\/wp\/v2\/pages\/14867\/revisions"}],"predecessor-version":[{"id":20952,"href":"https:\/\/library.torontomu.ca\/asianheritage\/wp-json\/wp\/v2\/pages\/14867\/revisions\/20952"}],"up":[{"embeddable":true,"href":"https:\/\/library.torontomu.ca\/asianheritage\/wp-json\/wp\/v2\/pages\/16"}],"wp:attachment":[{"href":"https:\/\/library.torontomu.ca\/asianheritage\/wp-json\/wp\/v2\/media?parent=14867"}],"curies":[{"name":"wp","href":"https:\/\/api.w.org\/{rel}","templated":true}]}}