{"id":14746,"date":"2022-01-22T21:36:38","date_gmt":"2022-01-23T02:36:38","guid":{"rendered":"https:\/\/library.ryerson.ca\/asianheritage\/?page_id=14746"},"modified":"2024-08-12T13:35:44","modified_gmt":"2024-08-12T17:35:44","slug":"rima-elkouri","status":"publish","type":"page","link":"https:\/\/library.torontomu.ca\/asianheritage\/authors\/rima-elkouri\/","title":{"rendered":"Rima Elkouri"},"content":{"rendered":"\n<div class=\"wp-block-columns is-layout-flex wp-container-core-columns-is-layout-9d6595d7 wp-block-columns-is-layout-flex\">\n<div class=\"wp-block-column is-layout-flow wp-block-column-is-layout-flow\" style=\"flex-basis:33.33%\"><\/div>\n\n\n\n<div class=\"wp-block-column is-layout-flow wp-block-column-is-layout-flow\" style=\"flex-basis:66.66%\">\n<p>Rima Elkouri is a writer, journalist and columnist for <em>La Presse<\/em> in Montreal. A Montrealer since birth, Elkouri writes in French. Most of her works have not been translated into English. The exception is <em>Manam<\/em>, her first novel that was published in French in 2019. Elkouri&#8217;s heritage is partially Armenian.<\/p>\n<\/div>\n<\/div>\n\n\n\n<div class=\"wp-block-columns is-layout-flex wp-container-core-columns-is-layout-9d6595d7 wp-block-columns-is-layout-flex\">\n<div class=\"wp-block-column is-layout-flow wp-block-column-is-layout-flow\" style=\"flex-basis:33.33%\"><div class=\"wp-block-image\">\n<figure class=\"aligncenter size-full\"><img decoding=\"async\" width=\"143\" height=\"218\" data-src=\"https:\/\/library.torontomu.ca\/asianheritage\/files\/2022\/01\/Manam-book-cover-of-English-edition.jpg\" alt=\"\" class=\"wp-image-14748 lazyload\" data-srcset=\"https:\/\/library.torontomu.ca\/asianheritage\/files\/2022\/01\/Manam-book-cover-of-English-edition.jpg 143w, https:\/\/library.torontomu.ca\/asianheritage\/files\/2022\/01\/Manam-book-cover-of-English-edition-98x150.jpg 98w\" data-sizes=\"(max-width: 143px) 100vw, 143px\" src=\"data:image\/svg+xml;base64,PHN2ZyB3aWR0aD0iMSIgaGVpZ2h0PSIxIiB4bWxucz0iaHR0cDovL3d3dy53My5vcmcvMjAwMC9zdmciPjwvc3ZnPg==\" style=\"--smush-placeholder-width: 143px; --smush-placeholder-aspect-ratio: 143\/218;\" \/><\/figure>\n<\/div><\/div>\n\n\n\n<div class=\"wp-block-column is-layout-flow wp-block-column-is-layout-flow\" style=\"flex-basis:66.66%\">\n<h2 class=\"wp-block-heading\">Fiction<\/h2>\n\n\n\n<h2 class=\"wp-block-heading\">Manam: A Novel<\/h2>\n\n\n\n<p>Translated by Phyllis Aronoff and Howard Scott.<br>Toronto: Mawenzi House, 2021.<br>Translation of: Manam.<br><a href=\"https:\/\/torontomu.primo.exlibrisgroup.com\/discovery\/fulldisplay?vid=01OCUL_TMU:01OCUL_TMU&#038;docid=alma991006488899708636\">PS8609.L533 M3613 2021<\/a><\/p>\n\n\n\n<h4 class=\"wp-block-heading\">Publisher&#8217;s Synopsis (From its website)<\/h4>\n\n\n\n<p>L\u00e9a is a teacher. She does not believe in silence and secrecy, and this is what she always tells her pupils. Silence isn\u2019t a large part of the inheritance she received from her T\u00e9ta, her beloved Armenian grandmother, who has just died at the age of one hundred and seven. Regularly over the years her large Armenian family would gather around T\u00e9ta, and she would tell stories. But there is one story that she refused to tell. As soon as L\u00e9a brought it up, T\u00e9ta quickly changed the subject. Now L\u00e9a wants to find out and understand the story of her ancestors. She goes to Turkey, and with the help of a Kurdish filmmaker and guide, visits her ancestral village, Manam. She learns that during the Armenian genocide at the beginning of the twentieth century, almost the entire population of Manam was killed or fled to exile in Syria. How did her grandmother and her family survive? Rima Elkouri, with great sensitivity paints the portrait of a family that wills itself to survive.<\/p>\n\n\n\n<h4 class=\"wp-block-heading\">Awards and Honours<\/h4>\n\n\n\n<p>2022 <a href=\"https:\/\/www.writerstrust.com\/awards\/atwood-gibson-writers-trust-fiction-prize\/\">Atwood Gibson Writers&#8217; Trust Fiction Prize<\/a> (Finalist)<\/p>\n<\/div>\n<\/div>\n\n\n\n<div class=\"wp-block-columns is-layout-flex wp-container-core-columns-is-layout-9d6595d7 wp-block-columns-is-layout-flex\">\n<div class=\"wp-block-column is-layout-flow wp-block-column-is-layout-flow\" style=\"flex-basis:33.33%\"><\/div>\n\n\n\n<div class=\"wp-block-column is-layout-flow wp-block-column-is-layout-flow\" style=\"flex-basis:66.66%\">\n<h2 class=\"wp-block-heading\">Links<\/h2>\n\n\n\n<p>Publisher <a href=\"https:\/\/www.mawenzihouse.com\">Mawenzi House<\/a><\/p>\n<\/div>\n<\/div>\n\n\n\n<p><\/p>\n","protected":false},"excerpt":{"rendered":"<p>Rima Elkouri is a writer, journalist and columnist for La Presse in Montreal. A Montrealer since birth, Elkouri writes in French. Most of her works have not been translated into English. The exception is Manam, her first novel that was &hellip; <a href=\"https:\/\/library.torontomu.ca\/asianheritage\/authors\/rima-elkouri\/\">Continue reading <span class=\"meta-nav\">&rarr;<\/span><\/a><\/p>\n","protected":false},"author":11,"featured_media":0,"parent":16,"menu_order":0,"comment_status":"closed","ping_status":"closed","template":"","meta":{"_acf_changed":false,"footnotes":""},"class_list":["post-14746","page","type-page","status-publish","hentry"],"acf":[],"_links":{"self":[{"href":"https:\/\/library.torontomu.ca\/asianheritage\/wp-json\/wp\/v2\/pages\/14746","targetHints":{"allow":["GET"]}}],"collection":[{"href":"https:\/\/library.torontomu.ca\/asianheritage\/wp-json\/wp\/v2\/pages"}],"about":[{"href":"https:\/\/library.torontomu.ca\/asianheritage\/wp-json\/wp\/v2\/types\/page"}],"author":[{"embeddable":true,"href":"https:\/\/library.torontomu.ca\/asianheritage\/wp-json\/wp\/v2\/users\/11"}],"replies":[{"embeddable":true,"href":"https:\/\/library.torontomu.ca\/asianheritage\/wp-json\/wp\/v2\/comments?post=14746"}],"version-history":[{"count":7,"href":"https:\/\/library.torontomu.ca\/asianheritage\/wp-json\/wp\/v2\/pages\/14746\/revisions"}],"predecessor-version":[{"id":18923,"href":"https:\/\/library.torontomu.ca\/asianheritage\/wp-json\/wp\/v2\/pages\/14746\/revisions\/18923"}],"up":[{"embeddable":true,"href":"https:\/\/library.torontomu.ca\/asianheritage\/wp-json\/wp\/v2\/pages\/16"}],"wp:attachment":[{"href":"https:\/\/library.torontomu.ca\/asianheritage\/wp-json\/wp\/v2\/media?parent=14746"}],"curies":[{"name":"wp","href":"https:\/\/api.w.org\/{rel}","templated":true}]}}